{"id":1014,"date":"2021-01-21T12:05:36","date_gmt":"2021-01-21T12:05:36","guid":{"rendered":"https:\/\/carvajalempaques.com\/inversionistas\/?page_id=1014"},"modified":"2021-04-04T15:36:29","modified_gmt":"2021-04-04T15:36:29","slug":"politica-de-calidad-y-certificaciones","status":"publish","type":"page","link":"https:\/\/carvajalempaques.com\/inversionistas\/politica-de-calidad-y-certificaciones\/","title":{"rendered":"Pol\u00edtica de calidad y certificaciones"},"content":{"rendered":"\t\t<div data-elementor-type=\"wp-page\" data-elementor-id=\"1014\" class=\"elementor elementor-1014\" data-elementor-post-type=\"page\">\n\t\t\t\t\t\t<section class=\"elementor-section elementor-top-section elementor-element elementor-element-2f84eefd elementor-section-height-min-height elementor-section-boxed elementor-section-height-default elementor-section-items-middle\" data-id=\"2f84eefd\" data-element_type=\"section\" data-settings=\"{&quot;background_background&quot;:&quot;classic&quot;,&quot;_ha_eqh_enable&quot;:false}\">\n\t\t\t\t\t\t\t<div class=\"elementor-background-overlay\"><\/div>\n\t\t\t\t\t\t\t<div class=\"elementor-container elementor-column-gap-default\">\n\t\t\t\t\t<div class=\"elementor-column elementor-col-100 elementor-top-column elementor-element elementor-element-46871920\" data-id=\"46871920\" data-element_type=\"column\">\n\t\t\t<div class=\"elementor-widget-wrap elementor-element-populated\">\n\t\t\t\t\t\t<div class=\"elementor-element elementor-element-313b2cb1 elementor-widget elementor-widget-global elementor-global-23324 elementor-widget-heading\" data-id=\"313b2cb1\" data-element_type=\"widget\" data-widget_type=\"heading.default\">\n\t\t\t\t<div class=\"elementor-widget-container\">\n\t\t\t<h2 class=\"elementor-heading-title elementor-size-default\">Perfil corporativo<\/h2>\t\t<\/div>\n\t\t\t\t<\/div>\n\t\t\t\t\t<\/div>\n\t\t<\/div>\n\t\t\t\t\t<\/div>\n\t\t<\/section>\n\t\t\t\t<section class=\"elementor-section elementor-top-section elementor-element elementor-element-1489e3c7 elementor-section-full_width elementor-section-items-stretch elementor-section-height-min-height elementor-section-content-top elementor-section-height-default\" data-id=\"1489e3c7\" data-element_type=\"section\" data-settings=\"{&quot;background_background&quot;:&quot;classic&quot;,&quot;_ha_eqh_enable&quot;:false}\">\n\t\t\t\t\t\t\t<div class=\"elementor-background-overlay\"><\/div>\n\t\t\t\t\t\t\t<div class=\"elementor-container elementor-column-gap-no\">\n\t\t\t\t\t<div class=\"elementor-column elementor-col-50 elementor-top-column elementor-element elementor-element-6b86948b elementor-hidden-tablet elementor-hidden-phone\" data-id=\"6b86948b\" data-element_type=\"column\">\n\t\t\t<div class=\"elementor-widget-wrap elementor-element-populated\">\n\t\t\t\t\t\t<div class=\"elementor-element elementor-element-f44a8f0 elementor-widget__width-auto elementor-absolute elementor-widget-tablet__width-initial elementor-hidden-tablet elementor-hidden-phone elementor-widget elementor-widget-image\" data-id=\"f44a8f0\" data-element_type=\"widget\" data-settings=\"{&quot;_position&quot;:&quot;absolute&quot;}\" data-widget_type=\"image.default\">\n\t\t\t\t<div class=\"elementor-widget-container\">\n\t\t\t\t\t\t\t\t\t\t\t\t\t<img fetchpriority=\"high\" decoding=\"async\" width=\"1182\" height=\"1147\" src=\"https:\/\/carvajalempaques.com\/inversionistas\/wp-content\/uploads\/2021\/02\/Enmascarar-grupo-465@2x.png\" class=\"attachment-full size-full wp-image-23491\" alt=\"\" srcset=\"https:\/\/carvajalempaques.com\/inversionistas\/wp-content\/uploads\/2021\/02\/Enmascarar-grupo-465@2x.png 1182w, https:\/\/carvajalempaques.com\/inversionistas\/wp-content\/uploads\/2021\/02\/Enmascarar-grupo-465@2x-300x291.png 300w, https:\/\/carvajalempaques.com\/inversionistas\/wp-content\/uploads\/2021\/02\/Enmascarar-grupo-465@2x-1024x994.png 1024w, https:\/\/carvajalempaques.com\/inversionistas\/wp-content\/uploads\/2021\/02\/Enmascarar-grupo-465@2x-768x745.png 768w\" sizes=\"(max-width: 1182px) 100vw, 1182px\" \/>\t\t\t\t\t\t\t\t\t\t\t\t\t<\/div>\n\t\t\t\t<\/div>\n\t\t\t\t\t<\/div>\n\t\t<\/div>\n\t\t\t\t<div class=\"elementor-column elementor-col-50 elementor-top-column elementor-element elementor-element-7827c003\" data-id=\"7827c003\" data-element_type=\"column\">\n\t\t\t<div class=\"elementor-widget-wrap elementor-element-populated\">\n\t\t\t\t\t\t<div class=\"elementor-element elementor-element-7204b7e elementor-widget elementor-widget-global elementor-global-22152 elementor-widget-breadcrumbs\" data-id=\"7204b7e\" data-element_type=\"widget\" data-widget_type=\"breadcrumbs.default\">\n\t\t\t\t<div class=\"elementor-widget-container\">\n\t\t\t<p id=\"breadcrumbs\">\t<a href=\"https:\/\/carvajalempaques.com\">Carvajal Empaques Global<\/a> \u00bb\n<span><span><a href=\"https:\/\/carvajalempaques.com\/inversionistas\/\">Inversionistas<\/a><\/span><\/span><\/p>\t\t<\/div>\n\t\t\t\t<\/div>\n\t\t\t\t<div class=\"elementor-element elementor-element-96e20d6 elementor-widget elementor-widget-spacer\" data-id=\"96e20d6\" data-element_type=\"widget\" data-widget_type=\"spacer.default\">\n\t\t\t\t<div class=\"elementor-widget-container\">\n\t\t\t\t\t<div class=\"elementor-spacer\">\n\t\t\t<div class=\"elementor-spacer-inner\"><\/div>\n\t\t<\/div>\n\t\t\t\t<\/div>\n\t\t\t\t<\/div>\n\t\t\t\t<div class=\"elementor-element elementor-element-82a22fc elementor-widget__width-initial elementor-absolute elementor-hidden-tablet elementor-hidden-phone elementor-widget elementor-widget-image\" data-id=\"82a22fc\" data-element_type=\"widget\" data-settings=\"{&quot;_position&quot;:&quot;absolute&quot;}\" data-widget_type=\"image.default\">\n\t\t\t\t<div class=\"elementor-widget-container\">\n\t\t\t\t\t\t\t\t\t\t\t\t\t<img decoding=\"async\" width=\"919\" height=\"1240\" src=\"https:\/\/carvajalempaques.com\/inversionistas\/wp-content\/uploads\/2021\/02\/Grupo-2618@2x-1.png\" class=\"attachment-full size-full wp-image-23490\" alt=\"\" srcset=\"https:\/\/carvajalempaques.com\/inversionistas\/wp-content\/uploads\/2021\/02\/Grupo-2618@2x-1.png 919w, https:\/\/carvajalempaques.com\/inversionistas\/wp-content\/uploads\/2021\/02\/Grupo-2618@2x-1-222x300.png 222w, https:\/\/carvajalempaques.com\/inversionistas\/wp-content\/uploads\/2021\/02\/Grupo-2618@2x-1-759x1024.png 759w, https:\/\/carvajalempaques.com\/inversionistas\/wp-content\/uploads\/2021\/02\/Grupo-2618@2x-1-768x1036.png 768w\" sizes=\"(max-width: 919px) 100vw, 919px\" \/>\t\t\t\t\t\t\t\t\t\t\t\t\t<\/div>\n\t\t\t\t<\/div>\n\t\t\t\t<div class=\"elementor-element elementor-element-965bae1 elementor-widget elementor-widget-heading\" data-id=\"965bae1\" data-element_type=\"widget\" data-widget_type=\"heading.default\">\n\t\t\t\t<div class=\"elementor-widget-container\">\n\t\t\t<h2 class=\"elementor-heading-title elementor-size-default\">Pol\u00edtica de calidad <br>y certificaciones<\/h2>\t\t<\/div>\n\t\t\t\t<\/div>\n\t\t\t\t\t<\/div>\n\t\t<\/div>\n\t\t\t\t\t<\/div>\n\t\t<\/section>\n\t\t\t\t<section class=\"elementor-section elementor-top-section elementor-element elementor-element-6b88599 elementor-section-full_width elementor-section-height-default elementor-section-height-default\" data-id=\"6b88599\" data-element_type=\"section\" data-settings=\"{&quot;_ha_eqh_enable&quot;:false}\">\n\t\t\t\t\t\t<div class=\"elementor-container elementor-column-gap-default\">\n\t\t\t\t\t<div class=\"elementor-column elementor-col-100 elementor-top-column elementor-element elementor-element-29a5875\" data-id=\"29a5875\" data-element_type=\"column\">\n\t\t\t<div class=\"elementor-widget-wrap elementor-element-populated\">\n\t\t\t\t\t\t<div class=\"elementor-element elementor-element-0f48057 elementor-widget__width-initial elementor-absolute elementor-hidden-tablet elementor-hidden-phone elementor-widget elementor-widget-image\" data-id=\"0f48057\" data-element_type=\"widget\" data-settings=\"{&quot;_position&quot;:&quot;absolute&quot;}\" data-widget_type=\"image.default\">\n\t\t\t\t<div class=\"elementor-widget-container\">\n\t\t\t\t\t\t\t\t\t\t\t\t\t<img decoding=\"async\" width=\"1409\" height=\"1467\" src=\"https:\/\/carvajalempaques.com\/inversionistas\/wp-content\/uploads\/2021\/02\/Grupo-2619@2x-1.png\" class=\"attachment-full size-full wp-image-23501\" alt=\"\" srcset=\"https:\/\/carvajalempaques.com\/inversionistas\/wp-content\/uploads\/2021\/02\/Grupo-2619@2x-1.png 1409w, https:\/\/carvajalempaques.com\/inversionistas\/wp-content\/uploads\/2021\/02\/Grupo-2619@2x-1-288x300.png 288w, https:\/\/carvajalempaques.com\/inversionistas\/wp-content\/uploads\/2021\/02\/Grupo-2619@2x-1-984x1024.png 984w, https:\/\/carvajalempaques.com\/inversionistas\/wp-content\/uploads\/2021\/02\/Grupo-2619@2x-1-768x800.png 768w\" sizes=\"(max-width: 1409px) 100vw, 1409px\" \/>\t\t\t\t\t\t\t\t\t\t\t\t\t<\/div>\n\t\t\t\t<\/div>\n\t\t\t\t<div class=\"elementor-element elementor-element-eb512e5 elementor-widget__width-initial elementor-absolute elementor-hidden-tablet elementor-hidden-phone elementor-widget elementor-widget-image\" data-id=\"eb512e5\" data-element_type=\"widget\" data-settings=\"{&quot;_position&quot;:&quot;absolute&quot;}\" data-widget_type=\"image.default\">\n\t\t\t\t<div class=\"elementor-widget-container\">\n\t\t\t\t\t\t\t\t\t\t\t\t\t<img loading=\"lazy\" decoding=\"async\" width=\"383\" height=\"1054\" src=\"https:\/\/carvajalempaques.com\/inversionistas\/wp-content\/uploads\/2021\/02\/Grupo-2620@2x.png\" class=\"attachment-full size-full wp-image-23443\" alt=\"\" srcset=\"https:\/\/carvajalempaques.com\/inversionistas\/wp-content\/uploads\/2021\/02\/Grupo-2620@2x.png 383w, https:\/\/carvajalempaques.com\/inversionistas\/wp-content\/uploads\/2021\/02\/Grupo-2620@2x-109x300.png 109w, https:\/\/carvajalempaques.com\/inversionistas\/wp-content\/uploads\/2021\/02\/Grupo-2620@2x-372x1024.png 372w\" sizes=\"(max-width: 383px) 100vw, 383px\" \/>\t\t\t\t\t\t\t\t\t\t\t\t\t<\/div>\n\t\t\t\t<\/div>\n\t\t\t\t<section class=\"elementor-section elementor-inner-section elementor-element elementor-element-1f3dcfa elementor-section-boxed elementor-section-height-default elementor-section-height-default\" data-id=\"1f3dcfa\" data-element_type=\"section\" data-settings=\"{&quot;_ha_eqh_enable&quot;:false}\">\n\t\t\t\t\t\t<div class=\"elementor-container elementor-column-gap-default\">\n\t\t\t\t\t<div class=\"elementor-column elementor-col-100 elementor-inner-column elementor-element elementor-element-42f91eb\" data-id=\"42f91eb\" data-element_type=\"column\">\n\t\t\t<div class=\"elementor-widget-wrap elementor-element-populated\">\n\t\t\t\t\t\t<div class=\"elementor-element elementor-element-2aa348c elementor-widget elementor-widget-text-editor\" data-id=\"2aa348c\" data-element_type=\"widget\" data-widget_type=\"text-editor.default\">\n\t\t\t\t<div class=\"elementor-widget-container\">\n\t\t\t\t\t\t\t<p>En Carvajal Empaques estamos comprometidos con la sociedad, por eso ofrecemos productos y servicios que cumplen altos est\u00e1ndares de calidad e inocuidad. Trabajamos buscando las mejoras continuas enmarcadas en el Sistema de Gesti\u00f3n Integral que involucra los procesos ambientales, de salud ocupacional y seguridad Industrial en nuestras plantas, respondiendo a las necesidades de un mercado vers\u00e1til, competitivo y exigente.<\/p><p>Estamos certificados en algunas de nuestras plantas bajo diferentes normas de acuerdo a las necesidades de cada mercado.<\/p>\t\t\t\t\t\t<\/div>\n\t\t\t\t<\/div>\n\t\t\t\t\t<\/div>\n\t\t<\/div>\n\t\t\t\t\t<\/div>\n\t\t<\/section>\n\t\t\t\t<section class=\"elementor-section elementor-inner-section elementor-element elementor-element-94e534a elementor-section-content-middle elementor-section-boxed elementor-section-height-default elementor-section-height-default\" data-id=\"94e534a\" data-element_type=\"section\" data-settings=\"{&quot;_ha_eqh_enable&quot;:false}\">\n\t\t\t\t\t\t<div class=\"elementor-container elementor-column-gap-default\">\n\t\t\t\t\t<div class=\"elementor-column elementor-col-25 elementor-inner-column elementor-element elementor-element-752c9c9\" data-id=\"752c9c9\" data-element_type=\"column\">\n\t\t\t<div class=\"elementor-widget-wrap elementor-element-populated\">\n\t\t\t\t\t\t<div class=\"elementor-element elementor-element-ac9df19 elementor-widget elementor-widget-image\" data-id=\"ac9df19\" data-element_type=\"widget\" data-widget_type=\"image.default\">\n\t\t\t\t<div class=\"elementor-widget-container\">\n\t\t\t\t\t\t\t\t\t\t\t\t\t<img loading=\"lazy\" decoding=\"async\" width=\"438\" height=\"372\" src=\"https:\/\/carvajalempaques.com\/inversionistas\/wp-content\/uploads\/2021\/01\/image003@2x.png\" class=\"attachment-full size-full wp-image-1023\" alt=\"\" srcset=\"https:\/\/carvajalempaques.com\/inversionistas\/wp-content\/uploads\/2021\/01\/image003@2x.png 438w, https:\/\/carvajalempaques.com\/inversionistas\/wp-content\/uploads\/2021\/01\/image003@2x-300x255.png 300w\" sizes=\"(max-width: 438px) 100vw, 438px\" \/>\t\t\t\t\t\t\t\t\t\t\t\t\t<\/div>\n\t\t\t\t<\/div>\n\t\t\t\t\t<\/div>\n\t\t<\/div>\n\t\t\t\t<div class=\"elementor-column elementor-col-25 elementor-inner-column elementor-element elementor-element-763ed02\" data-id=\"763ed02\" data-element_type=\"column\">\n\t\t\t<div class=\"elementor-widget-wrap elementor-element-populated\">\n\t\t\t\t\t\t<div class=\"elementor-element elementor-element-807f40a elementor-widget elementor-widget-image\" data-id=\"807f40a\" data-element_type=\"widget\" data-widget_type=\"image.default\">\n\t\t\t\t<div class=\"elementor-widget-container\">\n\t\t\t\t\t\t\t\t\t\t\t\t\t<img loading=\"lazy\" decoding=\"async\" width=\"438\" height=\"350\" src=\"https:\/\/carvajalempaques.com\/inversionistas\/wp-content\/uploads\/2021\/01\/image006@2x.png\" class=\"attachment-full size-full wp-image-1021\" alt=\"\" srcset=\"https:\/\/carvajalempaques.com\/inversionistas\/wp-content\/uploads\/2021\/01\/image006@2x.png 438w, https:\/\/carvajalempaques.com\/inversionistas\/wp-content\/uploads\/2021\/01\/image006@2x-300x240.png 300w\" sizes=\"(max-width: 438px) 100vw, 438px\" \/>\t\t\t\t\t\t\t\t\t\t\t\t\t<\/div>\n\t\t\t\t<\/div>\n\t\t\t\t\t<\/div>\n\t\t<\/div>\n\t\t\t\t<div class=\"elementor-column elementor-col-25 elementor-inner-column elementor-element elementor-element-66d10b1\" data-id=\"66d10b1\" data-element_type=\"column\">\n\t\t\t<div class=\"elementor-widget-wrap elementor-element-populated\">\n\t\t\t\t\t\t<div class=\"elementor-element elementor-element-c11357e elementor-widget elementor-widget-image\" data-id=\"c11357e\" data-element_type=\"widget\" data-widget_type=\"image.default\">\n\t\t\t\t<div class=\"elementor-widget-container\">\n\t\t\t\t\t\t\t\t\t\t\t\t\t<img loading=\"lazy\" decoding=\"async\" width=\"438\" height=\"350\" src=\"https:\/\/carvajalempaques.com\/inversionistas\/wp-content\/uploads\/2021\/01\/image004@2x.png\" class=\"attachment-full size-full wp-image-1022\" alt=\"\" srcset=\"https:\/\/carvajalempaques.com\/inversionistas\/wp-content\/uploads\/2021\/01\/image004@2x.png 438w, https:\/\/carvajalempaques.com\/inversionistas\/wp-content\/uploads\/2021\/01\/image004@2x-300x240.png 300w\" sizes=\"(max-width: 438px) 100vw, 438px\" \/>\t\t\t\t\t\t\t\t\t\t\t\t\t<\/div>\n\t\t\t\t<\/div>\n\t\t\t\t\t<\/div>\n\t\t<\/div>\n\t\t\t\t<div class=\"elementor-column elementor-col-25 elementor-inner-column elementor-element elementor-element-e8eccb4\" data-id=\"e8eccb4\" data-element_type=\"column\">\n\t\t\t<div class=\"elementor-widget-wrap elementor-element-populated\">\n\t\t\t\t\t\t<div class=\"elementor-element elementor-element-bdc4918 elementor-widget elementor-widget-image\" data-id=\"bdc4918\" data-element_type=\"widget\" data-widget_type=\"image.default\">\n\t\t\t\t<div class=\"elementor-widget-container\">\n\t\t\t\t\t\t\t\t\t\t\t\t\t<img loading=\"lazy\" decoding=\"async\" width=\"438\" height=\"350\" src=\"https:\/\/carvajalempaques.com\/inversionistas\/wp-content\/uploads\/2021\/01\/british_retail_consortium@2x.png\" class=\"attachment-full size-full wp-image-1020\" alt=\"\" srcset=\"https:\/\/carvajalempaques.com\/inversionistas\/wp-content\/uploads\/2021\/01\/british_retail_consortium@2x.png 438w, https:\/\/carvajalempaques.com\/inversionistas\/wp-content\/uploads\/2021\/01\/british_retail_consortium@2x-300x240.png 300w\" sizes=\"(max-width: 438px) 100vw, 438px\" \/>\t\t\t\t\t\t\t\t\t\t\t\t\t<\/div>\n\t\t\t\t<\/div>\n\t\t\t\t\t<\/div>\n\t\t<\/div>\n\t\t\t\t\t<\/div>\n\t\t<\/section>\n\t\t\t\t<div class=\"elementor-element elementor-element-6bcc0c1 elementor-widget elementor-widget-spacer\" data-id=\"6bcc0c1\" data-element_type=\"widget\" data-widget_type=\"spacer.default\">\n\t\t\t\t<div class=\"elementor-widget-container\">\n\t\t\t\t\t<div class=\"elementor-spacer\">\n\t\t\t<div class=\"elementor-spacer-inner\"><\/div>\n\t\t<\/div>\n\t\t\t\t<\/div>\n\t\t\t\t<\/div>\n\t\t\t\t\t<\/div>\n\t\t<\/div>\n\t\t\t\t\t<\/div>\n\t\t<\/section>\n\t\t\t\t<\/div>\n\t\t","protected":false},"excerpt":{"rendered":"<p>Perfil corporativo Pol\u00edtica de calidad y certificaciones En Carvajal Empaques estamos comprometidos con la sociedad, por eso ofrecemos productos y servicios que cumplen altos est\u00e1ndares de calidad e inocuidad. Trabajamos buscando las mejoras continuas enmarcadas en el Sistema de Gesti\u00f3n Integral que involucra los procesos ambientales, de salud ocupacional y seguridad Industrial en nuestras plantas, &hellip;<\/p>\n<p class=\"read-more\"> <a class=\"\" href=\"https:\/\/carvajalempaques.com\/inversionistas\/politica-de-calidad-y-certificaciones\/\"> <span class=\"screen-reader-text\">Pol\u00edtica de calidad y certificaciones<\/span> Leer m\u00e1s &raquo;<\/a><\/p>\n","protected":false},"author":1,"featured_media":0,"parent":0,"menu_order":0,"comment_status":"closed","ping_status":"closed","template":"","meta":{"site-sidebar-layout":"no-sidebar","site-content-layout":"page-builder","ast-global-header-display":"","ast-main-header-display":"","ast-hfb-above-header-display":"","ast-hfb-below-header-display":"","ast-hfb-mobile-header-display":"","site-post-title":"disabled","ast-breadcrumbs-content":"","ast-featured-img":"disabled","footer-sml-layout":"","theme-transparent-header-meta":"default","adv-header-id-meta":"","stick-header-meta":"","header-above-stick-meta":"","header-main-stick-meta":"","header-below-stick-meta":"","footnotes":""},"class_list":["post-1014","page","type-page","status-publish","hentry"],"acf":[],"yoast_head":"<!-- This site is optimized with the Yoast SEO plugin v20.4 - https:\/\/yoast.com\/wordpress\/plugins\/seo\/ -->\n<title>Pol\u00edtica de calidad y certificaciones - Carvajal Inversionistas<\/title>\n<meta name=\"description\" content=\"Somos una empresa multilatina, especializada en el dise\u00f1o, producci\u00f3n y distribuci\u00f3n de soluciones innovadoras y personalizadas de empaques sostenibles, para los mercados industrial, foodservice y hogar.\" \/>\n<meta name=\"robots\" content=\"noindex, follow, max-snippet:-1, max-image-preview:large, max-video-preview:-1\" \/>\n<meta property=\"og:locale\" content=\"es_ES\" \/>\n<meta property=\"og:type\" content=\"article\" \/>\n<meta property=\"og:title\" content=\"Pol\u00edtica de calidad y certificaciones - Carvajal Inversionistas\" \/>\n<meta property=\"og:description\" content=\"Somos una empresa multilatina, especializada en el dise\u00f1o, producci\u00f3n y distribuci\u00f3n de soluciones innovadoras y personalizadas de empaques sostenibles, para los mercados industrial, foodservice y hogar.\" \/>\n<meta property=\"og:url\" content=\"https:\/\/carvajalempaques.com\/inversionistas\/politica-de-calidad-y-certificaciones\/\" \/>\n<meta property=\"og:site_name\" content=\"Carvajal Inversionistas\" \/>\n<meta property=\"article:modified_time\" content=\"2021-04-04T15:36:29+00:00\" \/>\n<meta property=\"og:image\" content=\"https:\/\/carvajalempaques.com\/inversionistas\/wp-content\/uploads\/2021\/02\/Enmascarar-grupo-465@2x.png\" \/>\n<meta name=\"twitter:card\" content=\"summary_large_image\" \/>\n<meta name=\"twitter:label1\" content=\"Tiempo de lectura\" \/>\n\t<meta name=\"twitter:data1\" content=\"3 minutos\" \/>\n<script type=\"application\/ld+json\" class=\"yoast-schema-graph\">{\"@context\":\"https:\/\/schema.org\",\"@graph\":[{\"@type\":\"WebPage\",\"@id\":\"https:\/\/carvajalempaques.com\/inversionistas\/politica-de-calidad-y-certificaciones\/\",\"url\":\"https:\/\/carvajalempaques.com\/inversionistas\/politica-de-calidad-y-certificaciones\/\",\"name\":\"Pol\u00edtica de calidad y certificaciones - Carvajal Inversionistas\",\"isPartOf\":{\"@id\":\"https:\/\/carvajalempaques.com\/inversionistas\/#website\"},\"datePublished\":\"2021-01-21T12:05:36+00:00\",\"dateModified\":\"2021-04-04T15:36:29+00:00\",\"description\":\"Somos una empresa multilatina, especializada en el dise\u00f1o, producci\u00f3n y distribuci\u00f3n de soluciones innovadoras y personalizadas de empaques sostenibles, para los mercados industrial, foodservice y hogar.\",\"breadcrumb\":{\"@id\":\"https:\/\/carvajalempaques.com\/inversionistas\/politica-de-calidad-y-certificaciones\/#breadcrumb\"},\"inLanguage\":\"es\",\"potentialAction\":[{\"@type\":\"ReadAction\",\"target\":[\"https:\/\/carvajalempaques.com\/inversionistas\/politica-de-calidad-y-certificaciones\/\"]}]},{\"@type\":\"BreadcrumbList\",\"@id\":\"https:\/\/carvajalempaques.com\/inversionistas\/politica-de-calidad-y-certificaciones\/#breadcrumb\",\"itemListElement\":[{\"@type\":\"ListItem\",\"position\":1,\"name\":\"Inversionistas\",\"item\":\"https:\/\/carvajalempaques.com\/inversionistas\/\"},{\"@type\":\"ListItem\",\"position\":2,\"name\":\"Pol\u00edtica de calidad y certificaciones\"}]},{\"@type\":\"WebSite\",\"@id\":\"https:\/\/carvajalempaques.com\/inversionistas\/#website\",\"url\":\"https:\/\/carvajalempaques.com\/inversionistas\/\",\"name\":\"Carvajal Inversionistas\",\"description\":\"Carvajal Inversionistas\",\"publisher\":{\"@id\":\"https:\/\/carvajalempaques.com\/inversionistas\/#organization\"},\"potentialAction\":[{\"@type\":\"SearchAction\",\"target\":{\"@type\":\"EntryPoint\",\"urlTemplate\":\"https:\/\/carvajalempaques.com\/inversionistas\/?s={search_term_string}\"},\"query-input\":\"required name=search_term_string\"}],\"inLanguage\":\"es\"},{\"@type\":\"Organization\",\"@id\":\"https:\/\/carvajalempaques.com\/inversionistas\/#organization\",\"name\":\"Carvajal Empaques\",\"url\":\"https:\/\/carvajalempaques.com\/inversionistas\/\",\"logo\":{\"@type\":\"ImageObject\",\"inLanguage\":\"es\",\"@id\":\"https:\/\/carvajalempaques.com\/inversionistas\/#\/schema\/logo\/image\/\",\"url\":\"https:\/\/carvajalempaques.com\/inversionistas\/wp-content\/uploads\/2021\/01\/Grupo-2323@2x.png\",\"contentUrl\":\"https:\/\/carvajalempaques.com\/inversionistas\/wp-content\/uploads\/2021\/01\/Grupo-2323@2x.png\",\"width\":262,\"height\":96,\"caption\":\"Carvajal Empaques\"},\"image\":{\"@id\":\"https:\/\/carvajalempaques.com\/inversionistas\/#\/schema\/logo\/image\/\"}}]}<\/script>\n<!-- \/ Yoast SEO plugin. -->","yoast_head_json":{"title":"Pol\u00edtica de calidad y certificaciones - Carvajal Inversionistas","description":"Somos una empresa multilatina, especializada en el dise\u00f1o, producci\u00f3n y distribuci\u00f3n de soluciones innovadoras y personalizadas de empaques sostenibles, para los mercados industrial, foodservice y hogar.","robots":{"index":"noindex","follow":"follow","max-snippet":"max-snippet:-1","max-image-preview":"max-image-preview:large","max-video-preview":"max-video-preview:-1"},"og_locale":"es_ES","og_type":"article","og_title":"Pol\u00edtica de calidad y certificaciones - Carvajal Inversionistas","og_description":"Somos una empresa multilatina, especializada en el dise\u00f1o, producci\u00f3n y distribuci\u00f3n de soluciones innovadoras y personalizadas de empaques sostenibles, para los mercados industrial, foodservice y hogar.","og_url":"https:\/\/carvajalempaques.com\/inversionistas\/politica-de-calidad-y-certificaciones\/","og_site_name":"Carvajal Inversionistas","article_modified_time":"2021-04-04T15:36:29+00:00","og_image":[{"url":"https:\/\/carvajalempaques.com\/inversionistas\/wp-content\/uploads\/2021\/02\/Enmascarar-grupo-465@2x.png"}],"twitter_card":"summary_large_image","twitter_misc":{"Tiempo de lectura":"3 minutos"},"schema":{"@context":"https:\/\/schema.org","@graph":[{"@type":"WebPage","@id":"https:\/\/carvajalempaques.com\/inversionistas\/politica-de-calidad-y-certificaciones\/","url":"https:\/\/carvajalempaques.com\/inversionistas\/politica-de-calidad-y-certificaciones\/","name":"Pol\u00edtica de calidad y certificaciones - Carvajal Inversionistas","isPartOf":{"@id":"https:\/\/carvajalempaques.com\/inversionistas\/#website"},"datePublished":"2021-01-21T12:05:36+00:00","dateModified":"2021-04-04T15:36:29+00:00","description":"Somos una empresa multilatina, especializada en el dise\u00f1o, producci\u00f3n y distribuci\u00f3n de soluciones innovadoras y personalizadas de empaques sostenibles, para los mercados industrial, foodservice y hogar.","breadcrumb":{"@id":"https:\/\/carvajalempaques.com\/inversionistas\/politica-de-calidad-y-certificaciones\/#breadcrumb"},"inLanguage":"es","potentialAction":[{"@type":"ReadAction","target":["https:\/\/carvajalempaques.com\/inversionistas\/politica-de-calidad-y-certificaciones\/"]}]},{"@type":"BreadcrumbList","@id":"https:\/\/carvajalempaques.com\/inversionistas\/politica-de-calidad-y-certificaciones\/#breadcrumb","itemListElement":[{"@type":"ListItem","position":1,"name":"Inversionistas","item":"https:\/\/carvajalempaques.com\/inversionistas\/"},{"@type":"ListItem","position":2,"name":"Pol\u00edtica de calidad y certificaciones"}]},{"@type":"WebSite","@id":"https:\/\/carvajalempaques.com\/inversionistas\/#website","url":"https:\/\/carvajalempaques.com\/inversionistas\/","name":"Carvajal Inversionistas","description":"Carvajal Inversionistas","publisher":{"@id":"https:\/\/carvajalempaques.com\/inversionistas\/#organization"},"potentialAction":[{"@type":"SearchAction","target":{"@type":"EntryPoint","urlTemplate":"https:\/\/carvajalempaques.com\/inversionistas\/?s={search_term_string}"},"query-input":"required name=search_term_string"}],"inLanguage":"es"},{"@type":"Organization","@id":"https:\/\/carvajalempaques.com\/inversionistas\/#organization","name":"Carvajal Empaques","url":"https:\/\/carvajalempaques.com\/inversionistas\/","logo":{"@type":"ImageObject","inLanguage":"es","@id":"https:\/\/carvajalempaques.com\/inversionistas\/#\/schema\/logo\/image\/","url":"https:\/\/carvajalempaques.com\/inversionistas\/wp-content\/uploads\/2021\/01\/Grupo-2323@2x.png","contentUrl":"https:\/\/carvajalempaques.com\/inversionistas\/wp-content\/uploads\/2021\/01\/Grupo-2323@2x.png","width":262,"height":96,"caption":"Carvajal Empaques"},"image":{"@id":"https:\/\/carvajalempaques.com\/inversionistas\/#\/schema\/logo\/image\/"}}]}},"_links":{"self":[{"href":"https:\/\/carvajalempaques.com\/inversionistas\/wp-json\/wp\/v2\/pages\/1014","targetHints":{"allow":["GET"]}}],"collection":[{"href":"https:\/\/carvajalempaques.com\/inversionistas\/wp-json\/wp\/v2\/pages"}],"about":[{"href":"https:\/\/carvajalempaques.com\/inversionistas\/wp-json\/wp\/v2\/types\/page"}],"author":[{"embeddable":true,"href":"https:\/\/carvajalempaques.com\/inversionistas\/wp-json\/wp\/v2\/users\/1"}],"replies":[{"embeddable":true,"href":"https:\/\/carvajalempaques.com\/inversionistas\/wp-json\/wp\/v2\/comments?post=1014"}],"version-history":[{"count":92,"href":"https:\/\/carvajalempaques.com\/inversionistas\/wp-json\/wp\/v2\/pages\/1014\/revisions"}],"predecessor-version":[{"id":24967,"href":"https:\/\/carvajalempaques.com\/inversionistas\/wp-json\/wp\/v2\/pages\/1014\/revisions\/24967"}],"wp:attachment":[{"href":"https:\/\/carvajalempaques.com\/inversionistas\/wp-json\/wp\/v2\/media?parent=1014"}],"curies":[{"name":"wp","href":"https:\/\/api.w.org\/{rel}","templated":true}]}}