{"id":1227,"date":"2021-01-26T23:31:38","date_gmt":"2021-01-26T23:31:38","guid":{"rendered":"https:\/\/carvajalempaques.com\/inversionistas\/?page_id=1227"},"modified":"2024-09-03T17:13:22","modified_gmt":"2024-09-03T17:13:22","slug":"junta-directiva","status":"publish","type":"page","link":"https:\/\/carvajalempaques.com\/inversionistas\/junta-directiva\/","title":{"rendered":"Junta Directiva"},"content":{"rendered":"\t\t<div data-elementor-type=\"wp-page\" data-elementor-id=\"1227\" class=\"elementor elementor-1227\" data-elementor-post-type=\"page\">\n\t\t\t\t\t\t<section class=\"elementor-section elementor-top-section elementor-element elementor-element-14870ff5 elementor-section-height-min-height elementor-section-boxed elementor-section-height-default elementor-section-items-middle\" data-id=\"14870ff5\" data-element_type=\"section\" data-settings=\"{&quot;background_background&quot;:&quot;classic&quot;,&quot;_ha_eqh_enable&quot;:false}\">\n\t\t\t\t\t\t\t<div class=\"elementor-background-overlay\"><\/div>\n\t\t\t\t\t\t\t<div class=\"elementor-container elementor-column-gap-default\">\n\t\t\t\t\t<div class=\"elementor-column elementor-col-100 elementor-top-column elementor-element elementor-element-406d2624\" data-id=\"406d2624\" data-element_type=\"column\">\n\t\t\t<div class=\"elementor-widget-wrap elementor-element-populated\">\n\t\t\t\t\t\t<div class=\"elementor-element elementor-element-c80e339 elementor-widget elementor-widget-global elementor-global-23676 elementor-widget-heading\" data-id=\"c80e339\" data-element_type=\"widget\" data-widget_type=\"heading.default\">\n\t\t\t\t<div class=\"elementor-widget-container\">\n\t\t\t<h2 class=\"elementor-heading-title elementor-size-default\">Gobierno corporativo<\/h2>\t\t<\/div>\n\t\t\t\t<\/div>\n\t\t\t\t\t<\/div>\n\t\t<\/div>\n\t\t\t\t\t<\/div>\n\t\t<\/section>\n\t\t\t\t<section class=\"elementor-section elementor-top-section elementor-element elementor-element-1489e3c7 elementor-section-full_width elementor-section-items-stretch elementor-section-height-min-height elementor-section-content-space-between elementor-section-height-default\" data-id=\"1489e3c7\" data-element_type=\"section\" data-settings=\"{&quot;background_background&quot;:&quot;classic&quot;,&quot;_ha_eqh_enable&quot;:false}\">\n\t\t\t\t\t\t\t<div class=\"elementor-background-overlay\"><\/div>\n\t\t\t\t\t\t\t<div class=\"elementor-container elementor-column-gap-no\">\n\t\t\t\t\t<div class=\"elementor-column elementor-col-50 elementor-top-column elementor-element elementor-element-6b86948b elementor-hidden-tablet elementor-hidden-phone\" data-id=\"6b86948b\" data-element_type=\"column\">\n\t\t\t<div class=\"elementor-widget-wrap\">\n\t\t\t\t\t\t\t<\/div>\n\t\t<\/div>\n\t\t\t\t<div class=\"elementor-column elementor-col-50 elementor-top-column elementor-element elementor-element-7827c003\" data-id=\"7827c003\" data-element_type=\"column\">\n\t\t\t<div class=\"elementor-widget-wrap elementor-element-populated\">\n\t\t\t\t\t\t<section class=\"elementor-section elementor-inner-section elementor-element elementor-element-2bcd505 elementor-section-full_width elementor-section-height-default elementor-section-height-default\" data-id=\"2bcd505\" data-element_type=\"section\" data-settings=\"{&quot;_ha_eqh_enable&quot;:false}\">\n\t\t\t\t\t\t<div class=\"elementor-container elementor-column-gap-default\">\n\t\t\t\t\t<div class=\"elementor-column elementor-col-50 elementor-inner-column elementor-element elementor-element-bcbecc7\" data-id=\"bcbecc7\" data-element_type=\"column\">\n\t\t\t<div class=\"elementor-widget-wrap\">\n\t\t\t\t\t\t\t<\/div>\n\t\t<\/div>\n\t\t\t\t<div class=\"elementor-column elementor-col-50 elementor-inner-column elementor-element elementor-element-719b1fc\" data-id=\"719b1fc\" data-element_type=\"column\">\n\t\t\t<div class=\"elementor-widget-wrap elementor-element-populated\">\n\t\t\t\t\t\t<div class=\"elementor-element elementor-element-c06f843 elementor-widget elementor-widget-global elementor-global-22152 elementor-widget-breadcrumbs\" data-id=\"c06f843\" data-element_type=\"widget\" data-widget_type=\"breadcrumbs.default\">\n\t\t\t\t<div class=\"elementor-widget-container\">\n\t\t\t<p id=\"breadcrumbs\">\t<a href=\"https:\/\/carvajalempaques.com\">Carvajal Empaques Global<\/a> \u00bb\n<span><span><a href=\"https:\/\/carvajalempaques.com\/inversionistas\/\">Inversionistas<\/a><\/span><\/span><\/p>\t\t<\/div>\n\t\t\t\t<\/div>\n\t\t\t\t\t<\/div>\n\t\t<\/div>\n\t\t\t\t\t<\/div>\n\t\t<\/section>\n\t\t\t\t<div class=\"elementor-element elementor-element-12ef10a elementor-widget__width-initial elementor-absolute elementor-hidden-phone elementor-widget elementor-widget-image\" data-id=\"12ef10a\" data-element_type=\"widget\" data-settings=\"{&quot;_position&quot;:&quot;absolute&quot;}\" data-widget_type=\"image.default\">\n\t\t\t\t<div class=\"elementor-widget-container\">\n\t\t\t\t\t\t\t\t\t\t\t\t\t<img fetchpriority=\"high\" decoding=\"async\" width=\"1188\" height=\"1563\" src=\"https:\/\/carvajalempaques.com\/inversionistas\/wp-content\/uploads\/2021\/02\/Grupo-2624@2x.png\" class=\"attachment-full size-full wp-image-23566\" alt=\"\" srcset=\"https:\/\/carvajalempaques.com\/inversionistas\/wp-content\/uploads\/2021\/02\/Grupo-2624@2x.png 1188w, https:\/\/carvajalempaques.com\/inversionistas\/wp-content\/uploads\/2021\/02\/Grupo-2624@2x-228x300.png 228w, https:\/\/carvajalempaques.com\/inversionistas\/wp-content\/uploads\/2021\/02\/Grupo-2624@2x-778x1024.png 778w, https:\/\/carvajalempaques.com\/inversionistas\/wp-content\/uploads\/2021\/02\/Grupo-2624@2x-768x1010.png 768w, https:\/\/carvajalempaques.com\/inversionistas\/wp-content\/uploads\/2021\/02\/Grupo-2624@2x-1167x1536.png 1167w\" sizes=\"(max-width: 1188px) 100vw, 1188px\" \/>\t\t\t\t\t\t\t\t\t\t\t\t\t<\/div>\n\t\t\t\t<\/div>\n\t\t\t\t<section class=\"elementor-section elementor-inner-section elementor-element elementor-element-2c89ab8 elementor-section-boxed elementor-section-height-default elementor-section-height-default\" data-id=\"2c89ab8\" data-element_type=\"section\" data-settings=\"{&quot;_ha_eqh_enable&quot;:false}\">\n\t\t\t\t\t\t<div class=\"elementor-container elementor-column-gap-default\">\n\t\t\t\t\t<div class=\"elementor-column elementor-col-50 elementor-inner-column elementor-element elementor-element-72fe779\" data-id=\"72fe779\" data-element_type=\"column\">\n\t\t\t<div class=\"elementor-widget-wrap elementor-element-populated\">\n\t\t\t\t\t\t<div class=\"elementor-element elementor-element-37c59a2 elementor-widget elementor-widget-heading\" data-id=\"37c59a2\" data-element_type=\"widget\" data-widget_type=\"heading.default\">\n\t\t\t\t<div class=\"elementor-widget-container\">\n\t\t\t<h3 class=\"elementor-heading-title elementor-size-default\">Junta Directiva<\/h3>\t\t<\/div>\n\t\t\t\t<\/div>\n\t\t\t\t<div class=\"elementor-element elementor-element-331bc29 elementor-widget elementor-widget-text-editor\" data-id=\"331bc29\" data-element_type=\"widget\" data-widget_type=\"text-editor.default\">\n\t\t\t\t<div class=\"elementor-widget-container\">\n\t\t\t\t\t\t\t<p>De conformidad con el art\u00edculo trig\u00e9simo quinto de los estatutos sociales, la Junta Directiva se compone de tres (3) miembros o directores principales y tres (3) suplentes, elegidos por la Asamblea de Accionistas para per\u00edodos de dos (2) a\u00f1o. Los miembros actuales son:<\/p>\t\t\t\t\t\t<\/div>\n\t\t\t\t<\/div>\n\t\t\t\t\t<\/div>\n\t\t<\/div>\n\t\t\t\t<div class=\"elementor-column elementor-col-50 elementor-inner-column elementor-element elementor-element-e5a8ea9\" data-id=\"e5a8ea9\" data-element_type=\"column\">\n\t\t\t<div class=\"elementor-widget-wrap\">\n\t\t\t\t\t\t\t<\/div>\n\t\t<\/div>\n\t\t\t\t\t<\/div>\n\t\t<\/section>\n\t\t\t\t\t<\/div>\n\t\t<\/div>\n\t\t\t\t\t<\/div>\n\t\t<\/section>\n\t\t\t\t<section class=\"elementor-section elementor-top-section elementor-element elementor-element-66f7e09 elementor-section-full_width elementor-section-height-default elementor-section-height-default\" data-id=\"66f7e09\" data-element_type=\"section\" data-settings=\"{&quot;_ha_eqh_enable&quot;:false}\">\n\t\t\t\t\t\t<div class=\"elementor-container elementor-column-gap-no\">\n\t\t\t\t\t<div class=\"elementor-column elementor-col-100 elementor-top-column elementor-element elementor-element-121f991\" data-id=\"121f991\" data-element_type=\"column\">\n\t\t\t<div class=\"elementor-widget-wrap elementor-element-populated\">\n\t\t\t\t\t\t<div class=\"elementor-element elementor-element-27c37b5 elementor-widget elementor-widget-spacer\" data-id=\"27c37b5\" data-element_type=\"widget\" data-widget_type=\"spacer.default\">\n\t\t\t\t<div class=\"elementor-widget-container\">\n\t\t\t\t\t<div class=\"elementor-spacer\">\n\t\t\t<div class=\"elementor-spacer-inner\"><\/div>\n\t\t<\/div>\n\t\t\t\t<\/div>\n\t\t\t\t<\/div>\n\t\t\t\t<div class=\"elementor-element elementor-element-e6396df elementor-widget__width-initial elementor-absolute elementor-hidden-tablet elementor-hidden-phone elementor-widget elementor-widget-image\" data-id=\"e6396df\" data-element_type=\"widget\" data-settings=\"{&quot;_position&quot;:&quot;absolute&quot;}\" data-widget_type=\"image.default\">\n\t\t\t\t<div class=\"elementor-widget-container\">\n\t\t\t\t\t\t\t\t\t\t\t\t\t<img decoding=\"async\" width=\"821\" height=\"1212\" src=\"https:\/\/carvajalempaques.com\/inversionistas\/wp-content\/uploads\/2021\/02\/Grupo-2616@2x-1.png\" class=\"attachment-full size-full wp-image-23467\" alt=\"\" srcset=\"https:\/\/carvajalempaques.com\/inversionistas\/wp-content\/uploads\/2021\/02\/Grupo-2616@2x-1.png 821w, https:\/\/carvajalempaques.com\/inversionistas\/wp-content\/uploads\/2021\/02\/Grupo-2616@2x-1-203x300.png 203w, https:\/\/carvajalempaques.com\/inversionistas\/wp-content\/uploads\/2021\/02\/Grupo-2616@2x-1-694x1024.png 694w, https:\/\/carvajalempaques.com\/inversionistas\/wp-content\/uploads\/2021\/02\/Grupo-2616@2x-1-768x1134.png 768w\" sizes=\"(max-width: 821px) 100vw, 821px\" \/>\t\t\t\t\t\t\t\t\t\t\t\t\t<\/div>\n\t\t\t\t<\/div>\n\t\t\t\t<div class=\"elementor-element elementor-element-fb8fadc elementor-widget__width-initial elementor-absolute elementor-hidden-tablet elementor-hidden-phone elementor-widget elementor-widget-image\" data-id=\"fb8fadc\" data-element_type=\"widget\" data-settings=\"{&quot;_position&quot;:&quot;absolute&quot;}\" data-widget_type=\"image.default\">\n\t\t\t\t<div class=\"elementor-widget-container\">\n\t\t\t\t\t\t\t\t\t\t\t\t\t<img decoding=\"async\" width=\"857\" height=\"1192\" src=\"https:\/\/carvajalempaques.com\/inversionistas\/wp-content\/uploads\/2021\/02\/Grupo-2579@2x.png\" class=\"attachment-full size-full wp-image-22996\" alt=\"\" srcset=\"https:\/\/carvajalempaques.com\/inversionistas\/wp-content\/uploads\/2021\/02\/Grupo-2579@2x.png 857w, https:\/\/carvajalempaques.com\/inversionistas\/wp-content\/uploads\/2021\/02\/Grupo-2579@2x-216x300.png 216w, https:\/\/carvajalempaques.com\/inversionistas\/wp-content\/uploads\/2021\/02\/Grupo-2579@2x-736x1024.png 736w, https:\/\/carvajalempaques.com\/inversionistas\/wp-content\/uploads\/2021\/02\/Grupo-2579@2x-768x1068.png 768w\" sizes=\"(max-width: 857px) 100vw, 857px\" \/>\t\t\t\t\t\t\t\t\t\t\t\t\t<\/div>\n\t\t\t\t<\/div>\n\t\t\t\t<section class=\"elementor-section elementor-inner-section elementor-element elementor-element-3f12a3a elementor-section-boxed elementor-section-height-default elementor-section-height-default\" data-id=\"3f12a3a\" data-element_type=\"section\" data-settings=\"{&quot;_ha_eqh_enable&quot;:false}\">\n\t\t\t\t\t\t<div class=\"elementor-container elementor-column-gap-default\">\n\t\t\t\t\t<div class=\"elementor-column elementor-col-50 elementor-inner-column elementor-element elementor-element-813397d\" data-id=\"813397d\" data-element_type=\"column\">\n\t\t\t<div class=\"elementor-widget-wrap elementor-element-populated\">\n\t\t\t\t\t\t<div class=\"elementor-element elementor-element-6f7391f elementor-align-left elementor-icon-list--layout-traditional elementor-list-item-link-full_width elementor-widget elementor-widget-icon-list\" data-id=\"6f7391f\" data-element_type=\"widget\" data-widget_type=\"icon-list.default\">\n\t\t\t\t<div class=\"elementor-widget-container\">\n\t\t\t\t\t<ul class=\"elementor-icon-list-items\">\n\t\t\t\t\t\t\t<li class=\"elementor-icon-list-item\">\n\t\t\t\t\t\t\t\t\t\t<span class=\"elementor-icon-list-text\">*Principales<\/span>\n\t\t\t\t\t\t\t\t\t<\/li>\n\t\t\t\t\t\t\t\t<li class=\"elementor-icon-list-item\">\n\t\t\t\t\t\t\t\t\t\t\t<span class=\"elementor-icon-list-icon\">\n\t\t\t\t\t\t\t<i aria-hidden=\"true\" class=\"fas fa-circle\"><\/i>\t\t\t\t\t\t<\/span>\n\t\t\t\t\t\t\t\t\t\t<span class=\"elementor-icon-list-text\">Claudia Patricia Rivera Marin<\/span>\n\t\t\t\t\t\t\t\t\t<\/li>\n\t\t\t\t\t\t\t\t<li class=\"elementor-icon-list-item\">\n\t\t\t\t\t\t\t\t\t\t\t<span class=\"elementor-icon-list-icon\">\n\t\t\t\t\t\t\t<i aria-hidden=\"true\" class=\"fas fa-circle\"><\/i>\t\t\t\t\t\t<\/span>\n\t\t\t\t\t\t\t\t\t\t<span class=\"elementor-icon-list-text\">Maria Elisa Carvajal Duran<\/span>\n\t\t\t\t\t\t\t\t\t<\/li>\n\t\t\t\t\t\t\t\t<li class=\"elementor-icon-list-item\">\n\t\t\t\t\t\t\t\t\t\t\t<span class=\"elementor-icon-list-icon\">\n\t\t\t\t\t\t\t<i aria-hidden=\"true\" class=\"fas fa-circle\"><\/i>\t\t\t\t\t\t<\/span>\n\t\t\t\t\t\t\t\t\t\t<span class=\"elementor-icon-list-text\">Pedro Felipe Carvajal<\/span>\n\t\t\t\t\t\t\t\t\t<\/li>\n\t\t\t\t\t\t<\/ul>\n\t\t\t\t<\/div>\n\t\t\t\t<\/div>\n\t\t\t\t\t<\/div>\n\t\t<\/div>\n\t\t\t\t<div class=\"elementor-column elementor-col-50 elementor-inner-column elementor-element elementor-element-a3c3103\" data-id=\"a3c3103\" data-element_type=\"column\">\n\t\t\t<div class=\"elementor-widget-wrap elementor-element-populated\">\n\t\t\t\t\t\t<div class=\"elementor-element elementor-element-f7f7381 elementor-align-left elementor-icon-list--layout-traditional elementor-list-item-link-full_width elementor-widget elementor-widget-icon-list\" data-id=\"f7f7381\" data-element_type=\"widget\" data-widget_type=\"icon-list.default\">\n\t\t\t\t<div class=\"elementor-widget-container\">\n\t\t\t\t\t<ul class=\"elementor-icon-list-items\">\n\t\t\t\t\t\t\t<li class=\"elementor-icon-list-item\">\n\t\t\t\t\t\t\t\t\t\t<span class=\"elementor-icon-list-text\">*Suplentes<\/span>\n\t\t\t\t\t\t\t\t\t<\/li>\n\t\t\t\t\t\t\t\t<li class=\"elementor-icon-list-item\">\n\t\t\t\t\t\t\t\t\t\t\t<span class=\"elementor-icon-list-icon\">\n\t\t\t\t\t\t\t<i aria-hidden=\"true\" class=\"fas fa-circle\"><\/i>\t\t\t\t\t\t<\/span>\n\t\t\t\t\t\t\t\t\t\t<span class=\"elementor-icon-list-text\">Juli\u00e1n Prado Lorza<\/span>\n\t\t\t\t\t\t\t\t\t<\/li>\n\t\t\t\t\t\t\t\t<li class=\"elementor-icon-list-item\">\n\t\t\t\t\t\t\t\t\t\t\t<span class=\"elementor-icon-list-icon\">\n\t\t\t\t\t\t\t<i aria-hidden=\"true\" class=\"fas fa-circle\"><\/i>\t\t\t\t\t\t<\/span>\n\t\t\t\t\t\t\t\t\t\t<span class=\"elementor-icon-list-text\">Catalina Giraldo Valencia<\/span>\n\t\t\t\t\t\t\t\t\t<\/li>\n\t\t\t\t\t\t\t\t<li class=\"elementor-icon-list-item\">\n\t\t\t\t\t\t\t\t\t\t\t<span class=\"elementor-icon-list-icon\">\n\t\t\t\t\t\t\t<i aria-hidden=\"true\" class=\"fas fa-circle\"><\/i>\t\t\t\t\t\t<\/span>\n\t\t\t\t\t\t\t\t\t\t<span class=\"elementor-icon-list-text\">Ana Milena Mu\u00f1oz Roldan<\/span>\n\t\t\t\t\t\t\t\t\t<\/li>\n\t\t\t\t\t\t<\/ul>\n\t\t\t\t<\/div>\n\t\t\t\t<\/div>\n\t\t\t\t\t<\/div>\n\t\t<\/div>\n\t\t\t\t\t<\/div>\n\t\t<\/section>\n\t\t\t\t<div class=\"elementor-element elementor-element-8a2fb1e elementor-widget elementor-widget-text-editor\" data-id=\"8a2fb1e\" data-element_type=\"widget\" data-widget_type=\"text-editor.default\">\n\t\t\t\t<div class=\"elementor-widget-container\">\n\t\t\t\t\t\t\t\t\t\t\t\t\t<\/div>\n\t\t\t\t<\/div>\n\t\t\t\t\t<\/div>\n\t\t<\/div>\n\t\t\t\t\t<\/div>\n\t\t<\/section>\n\t\t\t\t<\/div>\n\t\t","protected":false},"excerpt":{"rendered":"<p>Gobierno corporativo Junta Directiva De conformidad con el art\u00edculo trig\u00e9simo quinto de los estatutos sociales, la Junta Directiva se compone de tres (3) miembros o directores principales y tres (3) suplentes, elegidos por la Asamblea de Accionistas para per\u00edodos de dos (2) a\u00f1o. Los miembros actuales son: *Principales Claudia Patricia Rivera Marin Maria Elisa Carvajal &hellip;<\/p>\n<p class=\"read-more\"> <a class=\"\" href=\"https:\/\/carvajalempaques.com\/inversionistas\/junta-directiva\/\"> <span class=\"screen-reader-text\">Junta Directiva<\/span> Leer m\u00e1s &raquo;<\/a><\/p>\n","protected":false},"author":1,"featured_media":0,"parent":0,"menu_order":0,"comment_status":"closed","ping_status":"closed","template":"","meta":{"site-sidebar-layout":"no-sidebar","site-content-layout":"page-builder","ast-global-header-display":"","ast-main-header-display":"","ast-hfb-above-header-display":"","ast-hfb-below-header-display":"","ast-hfb-mobile-header-display":"","site-post-title":"disabled","ast-breadcrumbs-content":"","ast-featured-img":"disabled","footer-sml-layout":"","theme-transparent-header-meta":"default","adv-header-id-meta":"","stick-header-meta":"","header-above-stick-meta":"","header-main-stick-meta":"","header-below-stick-meta":"","footnotes":""},"class_list":["post-1227","page","type-page","status-publish","hentry"],"acf":[],"yoast_head":"<!-- This site is optimized with the Yoast SEO plugin v20.4 - https:\/\/yoast.com\/wordpress\/plugins\/seo\/ -->\n<title>Junta Directiva - Carvajal Inversionistas<\/title>\n<meta name=\"description\" content=\"Somos una empresa multilatina, especializada en el dise\u00f1o, producci\u00f3n y distribuci\u00f3n de soluciones innovadoras y personalizadas de empaques sostenibles, para los mercados industrial, foodservice y hogar.\" \/>\n<meta name=\"robots\" content=\"noindex, follow, max-snippet:-1, max-image-preview:large, max-video-preview:-1\" \/>\n<meta property=\"og:locale\" content=\"es_ES\" \/>\n<meta property=\"og:type\" content=\"article\" \/>\n<meta property=\"og:title\" content=\"Junta Directiva - Carvajal Inversionistas\" \/>\n<meta property=\"og:description\" content=\"Somos una empresa multilatina, especializada en el dise\u00f1o, producci\u00f3n y distribuci\u00f3n de soluciones innovadoras y personalizadas de empaques sostenibles, para los mercados industrial, foodservice y hogar.\" \/>\n<meta property=\"og:url\" content=\"https:\/\/carvajalempaques.com\/inversionistas\/junta-directiva\/\" \/>\n<meta property=\"og:site_name\" content=\"Carvajal Inversionistas\" \/>\n<meta property=\"article:modified_time\" content=\"2024-09-03T17:13:22+00:00\" \/>\n<meta property=\"og:image\" content=\"https:\/\/carvajalempaques.com\/inversionistas\/wp-content\/uploads\/2021\/02\/Grupo-2624@2x.png\" \/>\n<meta name=\"twitter:card\" content=\"summary_large_image\" \/>\n<meta name=\"twitter:label1\" content=\"Tiempo de lectura\" \/>\n\t<meta name=\"twitter:data1\" content=\"1 minuto\" \/>\n<script type=\"application\/ld+json\" class=\"yoast-schema-graph\">{\"@context\":\"https:\/\/schema.org\",\"@graph\":[{\"@type\":\"WebPage\",\"@id\":\"https:\/\/carvajalempaques.com\/inversionistas\/junta-directiva\/\",\"url\":\"https:\/\/carvajalempaques.com\/inversionistas\/junta-directiva\/\",\"name\":\"Junta Directiva - Carvajal Inversionistas\",\"isPartOf\":{\"@id\":\"https:\/\/carvajalempaques.com\/inversionistas\/#website\"},\"datePublished\":\"2021-01-26T23:31:38+00:00\",\"dateModified\":\"2024-09-03T17:13:22+00:00\",\"description\":\"Somos una empresa multilatina, especializada en el dise\u00f1o, producci\u00f3n y distribuci\u00f3n de soluciones innovadoras y personalizadas de empaques sostenibles, para los mercados industrial, foodservice y hogar.\",\"breadcrumb\":{\"@id\":\"https:\/\/carvajalempaques.com\/inversionistas\/junta-directiva\/#breadcrumb\"},\"inLanguage\":\"es\",\"potentialAction\":[{\"@type\":\"ReadAction\",\"target\":[\"https:\/\/carvajalempaques.com\/inversionistas\/junta-directiva\/\"]}]},{\"@type\":\"BreadcrumbList\",\"@id\":\"https:\/\/carvajalempaques.com\/inversionistas\/junta-directiva\/#breadcrumb\",\"itemListElement\":[{\"@type\":\"ListItem\",\"position\":1,\"name\":\"Inversionistas\",\"item\":\"https:\/\/carvajalempaques.com\/inversionistas\/\"},{\"@type\":\"ListItem\",\"position\":2,\"name\":\"Junta Directiva\"}]},{\"@type\":\"WebSite\",\"@id\":\"https:\/\/carvajalempaques.com\/inversionistas\/#website\",\"url\":\"https:\/\/carvajalempaques.com\/inversionistas\/\",\"name\":\"Carvajal Inversionistas\",\"description\":\"Carvajal Inversionistas\",\"publisher\":{\"@id\":\"https:\/\/carvajalempaques.com\/inversionistas\/#organization\"},\"potentialAction\":[{\"@type\":\"SearchAction\",\"target\":{\"@type\":\"EntryPoint\",\"urlTemplate\":\"https:\/\/carvajalempaques.com\/inversionistas\/?s={search_term_string}\"},\"query-input\":\"required name=search_term_string\"}],\"inLanguage\":\"es\"},{\"@type\":\"Organization\",\"@id\":\"https:\/\/carvajalempaques.com\/inversionistas\/#organization\",\"name\":\"Carvajal Empaques\",\"url\":\"https:\/\/carvajalempaques.com\/inversionistas\/\",\"logo\":{\"@type\":\"ImageObject\",\"inLanguage\":\"es\",\"@id\":\"https:\/\/carvajalempaques.com\/inversionistas\/#\/schema\/logo\/image\/\",\"url\":\"https:\/\/carvajalempaques.com\/inversionistas\/wp-content\/uploads\/2021\/01\/Grupo-2323@2x.png\",\"contentUrl\":\"https:\/\/carvajalempaques.com\/inversionistas\/wp-content\/uploads\/2021\/01\/Grupo-2323@2x.png\",\"width\":262,\"height\":96,\"caption\":\"Carvajal Empaques\"},\"image\":{\"@id\":\"https:\/\/carvajalempaques.com\/inversionistas\/#\/schema\/logo\/image\/\"}}]}<\/script>\n<!-- \/ Yoast SEO plugin. -->","yoast_head_json":{"title":"Junta Directiva - Carvajal Inversionistas","description":"Somos una empresa multilatina, especializada en el dise\u00f1o, producci\u00f3n y distribuci\u00f3n de soluciones innovadoras y personalizadas de empaques sostenibles, para los mercados industrial, foodservice y hogar.","robots":{"index":"noindex","follow":"follow","max-snippet":"max-snippet:-1","max-image-preview":"max-image-preview:large","max-video-preview":"max-video-preview:-1"},"og_locale":"es_ES","og_type":"article","og_title":"Junta Directiva - Carvajal Inversionistas","og_description":"Somos una empresa multilatina, especializada en el dise\u00f1o, producci\u00f3n y distribuci\u00f3n de soluciones innovadoras y personalizadas de empaques sostenibles, para los mercados industrial, foodservice y hogar.","og_url":"https:\/\/carvajalempaques.com\/inversionistas\/junta-directiva\/","og_site_name":"Carvajal Inversionistas","article_modified_time":"2024-09-03T17:13:22+00:00","og_image":[{"url":"https:\/\/carvajalempaques.com\/inversionistas\/wp-content\/uploads\/2021\/02\/Grupo-2624@2x.png"}],"twitter_card":"summary_large_image","twitter_misc":{"Tiempo de lectura":"1 minuto"},"schema":{"@context":"https:\/\/schema.org","@graph":[{"@type":"WebPage","@id":"https:\/\/carvajalempaques.com\/inversionistas\/junta-directiva\/","url":"https:\/\/carvajalempaques.com\/inversionistas\/junta-directiva\/","name":"Junta Directiva - Carvajal Inversionistas","isPartOf":{"@id":"https:\/\/carvajalempaques.com\/inversionistas\/#website"},"datePublished":"2021-01-26T23:31:38+00:00","dateModified":"2024-09-03T17:13:22+00:00","description":"Somos una empresa multilatina, especializada en el dise\u00f1o, producci\u00f3n y distribuci\u00f3n de soluciones innovadoras y personalizadas de empaques sostenibles, para los mercados industrial, foodservice y hogar.","breadcrumb":{"@id":"https:\/\/carvajalempaques.com\/inversionistas\/junta-directiva\/#breadcrumb"},"inLanguage":"es","potentialAction":[{"@type":"ReadAction","target":["https:\/\/carvajalempaques.com\/inversionistas\/junta-directiva\/"]}]},{"@type":"BreadcrumbList","@id":"https:\/\/carvajalempaques.com\/inversionistas\/junta-directiva\/#breadcrumb","itemListElement":[{"@type":"ListItem","position":1,"name":"Inversionistas","item":"https:\/\/carvajalempaques.com\/inversionistas\/"},{"@type":"ListItem","position":2,"name":"Junta Directiva"}]},{"@type":"WebSite","@id":"https:\/\/carvajalempaques.com\/inversionistas\/#website","url":"https:\/\/carvajalempaques.com\/inversionistas\/","name":"Carvajal Inversionistas","description":"Carvajal Inversionistas","publisher":{"@id":"https:\/\/carvajalempaques.com\/inversionistas\/#organization"},"potentialAction":[{"@type":"SearchAction","target":{"@type":"EntryPoint","urlTemplate":"https:\/\/carvajalempaques.com\/inversionistas\/?s={search_term_string}"},"query-input":"required name=search_term_string"}],"inLanguage":"es"},{"@type":"Organization","@id":"https:\/\/carvajalempaques.com\/inversionistas\/#organization","name":"Carvajal Empaques","url":"https:\/\/carvajalempaques.com\/inversionistas\/","logo":{"@type":"ImageObject","inLanguage":"es","@id":"https:\/\/carvajalempaques.com\/inversionistas\/#\/schema\/logo\/image\/","url":"https:\/\/carvajalempaques.com\/inversionistas\/wp-content\/uploads\/2021\/01\/Grupo-2323@2x.png","contentUrl":"https:\/\/carvajalempaques.com\/inversionistas\/wp-content\/uploads\/2021\/01\/Grupo-2323@2x.png","width":262,"height":96,"caption":"Carvajal Empaques"},"image":{"@id":"https:\/\/carvajalempaques.com\/inversionistas\/#\/schema\/logo\/image\/"}}]}},"_links":{"self":[{"href":"https:\/\/carvajalempaques.com\/inversionistas\/wp-json\/wp\/v2\/pages\/1227","targetHints":{"allow":["GET"]}}],"collection":[{"href":"https:\/\/carvajalempaques.com\/inversionistas\/wp-json\/wp\/v2\/pages"}],"about":[{"href":"https:\/\/carvajalempaques.com\/inversionistas\/wp-json\/wp\/v2\/types\/page"}],"author":[{"embeddable":true,"href":"https:\/\/carvajalempaques.com\/inversionistas\/wp-json\/wp\/v2\/users\/1"}],"replies":[{"embeddable":true,"href":"https:\/\/carvajalempaques.com\/inversionistas\/wp-json\/wp\/v2\/comments?post=1227"}],"version-history":[{"count":222,"href":"https:\/\/carvajalempaques.com\/inversionistas\/wp-json\/wp\/v2\/pages\/1227\/revisions"}],"predecessor-version":[{"id":26570,"href":"https:\/\/carvajalempaques.com\/inversionistas\/wp-json\/wp\/v2\/pages\/1227\/revisions\/26570"}],"wp:attachment":[{"href":"https:\/\/carvajalempaques.com\/inversionistas\/wp-json\/wp\/v2\/media?parent=1227"}],"curies":[{"name":"wp","href":"https:\/\/api.w.org\/{rel}","templated":true}]}}