{"id":1260,"date":"2021-01-27T01:49:04","date_gmt":"2021-01-27T01:49:04","guid":{"rendered":"https:\/\/carvajalempaques.com\/inversionistas\/?page_id=1260"},"modified":"2024-05-09T15:36:24","modified_gmt":"2024-05-09T15:36:24","slug":"cifras-relevantes","status":"publish","type":"page","link":"https:\/\/carvajalempaques.com\/inversionistas\/cifras-relevantes\/","title":{"rendered":"Cifras relevantes"},"content":{"rendered":"\t\t<div data-elementor-type=\"wp-page\" data-elementor-id=\"1260\" class=\"elementor elementor-1260\" data-elementor-post-type=\"page\">\n\t\t\t\t\t\t<section class=\"elementor-section elementor-top-section elementor-element elementor-element-39a22b68 elementor-section-height-min-height elementor-section-boxed elementor-section-height-default elementor-section-items-middle\" data-id=\"39a22b68\" data-element_type=\"section\" data-settings=\"{&quot;background_background&quot;:&quot;classic&quot;,&quot;_ha_eqh_enable&quot;:false}\">\n\t\t\t\t\t\t\t<div class=\"elementor-background-overlay\"><\/div>\n\t\t\t\t\t\t\t<div class=\"elementor-container elementor-column-gap-default\">\n\t\t\t\t\t<div class=\"elementor-column elementor-col-100 elementor-top-column elementor-element elementor-element-1ccace31\" data-id=\"1ccace31\" data-element_type=\"column\">\n\t\t\t<div class=\"elementor-widget-wrap elementor-element-populated\">\n\t\t\t\t\t\t<div class=\"elementor-element elementor-element-108a1af7 elementor-widget elementor-widget-global elementor-global-23324 elementor-widget-heading\" data-id=\"108a1af7\" data-element_type=\"widget\" data-widget_type=\"heading.default\">\n\t\t\t\t<div class=\"elementor-widget-container\">\n\t\t\t<h2 class=\"elementor-heading-title elementor-size-default\">Perfil corporativo<\/h2>\t\t<\/div>\n\t\t\t\t<\/div>\n\t\t\t\t\t<\/div>\n\t\t<\/div>\n\t\t\t\t\t<\/div>\n\t\t<\/section>\n\t\t\t\t<section class=\"elementor-section elementor-top-section elementor-element elementor-element-1489e3c7 elementor-section-full_width elementor-section-height-default elementor-section-height-default\" data-id=\"1489e3c7\" data-element_type=\"section\" data-settings=\"{&quot;background_background&quot;:&quot;classic&quot;,&quot;_ha_eqh_enable&quot;:false}\">\n\t\t\t\t\t\t<div class=\"elementor-container elementor-column-gap-no\">\n\t\t\t\t\t<div class=\"elementor-column elementor-col-50 elementor-top-column elementor-element elementor-element-6b86948b\" data-id=\"6b86948b\" data-element_type=\"column\">\n\t\t\t<div class=\"elementor-widget-wrap\">\n\t\t\t\t\t\t\t<\/div>\n\t\t<\/div>\n\t\t\t\t<div class=\"elementor-column elementor-col-50 elementor-top-column elementor-element elementor-element-7827c003\" data-id=\"7827c003\" data-element_type=\"column\">\n\t\t\t<div class=\"elementor-widget-wrap elementor-element-populated\">\n\t\t\t\t\t\t<div class=\"elementor-element elementor-element-f83a02e elementor-widget elementor-widget-global elementor-global-22152 elementor-widget-breadcrumbs\" data-id=\"f83a02e\" data-element_type=\"widget\" data-widget_type=\"breadcrumbs.default\">\n\t\t\t\t<div class=\"elementor-widget-container\">\n\t\t\t<p id=\"breadcrumbs\">\t<a href=\"https:\/\/carvajalempaques.com\">Carvajal Empaques Global<\/a> \u00bb\n<span><span><a href=\"https:\/\/carvajalempaques.com\/inversionistas\/\">Inversionistas<\/a><\/span><\/span><\/p>\t\t<\/div>\n\t\t\t\t<\/div>\n\t\t\t\t\t<\/div>\n\t\t<\/div>\n\t\t\t\t\t<\/div>\n\t\t<\/section>\n\t\t\t\t<section class=\"elementor-section elementor-top-section elementor-element elementor-element-66f7e09 elementor-section-full_width elementor-section-height-default elementor-section-height-default\" data-id=\"66f7e09\" data-element_type=\"section\" data-settings=\"{&quot;background_background&quot;:&quot;classic&quot;,&quot;_ha_eqh_enable&quot;:false}\">\n\t\t\t\t\t\t<div class=\"elementor-container elementor-column-gap-no\">\n\t\t\t\t\t<div class=\"elementor-column elementor-col-100 elementor-top-column elementor-element elementor-element-121f991\" data-id=\"121f991\" data-element_type=\"column\">\n\t\t\t<div class=\"elementor-widget-wrap elementor-element-populated\">\n\t\t\t\t\t\t<div class=\"elementor-element elementor-element-27c37b5 elementor-widget elementor-widget-spacer\" data-id=\"27c37b5\" data-element_type=\"widget\" data-widget_type=\"spacer.default\">\n\t\t\t\t<div class=\"elementor-widget-container\">\n\t\t\t\t\t<div class=\"elementor-spacer\">\n\t\t\t<div class=\"elementor-spacer-inner\"><\/div>\n\t\t<\/div>\n\t\t\t\t<\/div>\n\t\t\t\t<\/div>\n\t\t\t\t<div class=\"elementor-element elementor-element-57427c9 uael-heading-align-center elementor-widget elementor-widget-uael-advanced-heading\" data-id=\"57427c9\" data-element_type=\"widget\" data-widget_type=\"uael-advanced-heading.default\">\n\t\t\t\t<div class=\"elementor-widget-container\">\n\t\t\t\r\n\t\t<div class=\"uael-module-content uael-heading-wrapper\">\r\n\t\t\t\t\t\t\r\n\t\t\t<h2 class=\"uael-heading\">\r\n\t\t\t\t\t\t\t\t\t\t<span class=\"uael-heading-text elementor-inline-editing uael-size--default\" data-elementor-setting-key=\"heading_title\" data-elementor-inline-editing-toolbar=\"basic\">Cifras\u200b<\/span>\r\n\t\t\t\t\t\t\t<\/h2>\r\n\r\n\t\t\t\t\t\t\t<div class=\"uael-sub-heading elementor-inline-editing\" data-elementor-setting-key=\"sub_heading\" data-elementor-inline-editing-toolbar=\"advanced\" ><p>Relevantes<\/p><\/div>\r\n\t\t\t\r\n\t\t\t\r\n\t\t\t\r\n\t\t\t\t\t\t<\/div>\r\n\t\t\t\t<\/div>\n\t\t\t\t<\/div>\n\t\t\t\t<div class=\"elementor-element elementor-element-568f519 elementor-widget__width-initial elementor-absolute elementor-widget-mobile__width-initial elementor-widget elementor-widget-image\" data-id=\"568f519\" data-element_type=\"widget\" data-settings=\"{&quot;_position&quot;:&quot;absolute&quot;}\" data-widget_type=\"image.default\">\n\t\t\t\t<div class=\"elementor-widget-container\">\n\t\t\t\t\t\t\t\t\t\t\t\t\t<img fetchpriority=\"high\" decoding=\"async\" width=\"1409\" height=\"1467\" src=\"https:\/\/carvajalempaques.com\/inversionistas\/wp-content\/uploads\/2021\/02\/Grupo-2615@2x-2.png\" class=\"attachment-full size-full wp-image-23769\" alt=\"\" srcset=\"https:\/\/carvajalempaques.com\/inversionistas\/wp-content\/uploads\/2021\/02\/Grupo-2615@2x-2.png 1409w, https:\/\/carvajalempaques.com\/inversionistas\/wp-content\/uploads\/2021\/02\/Grupo-2615@2x-2-288x300.png 288w, https:\/\/carvajalempaques.com\/inversionistas\/wp-content\/uploads\/2021\/02\/Grupo-2615@2x-2-984x1024.png 984w, https:\/\/carvajalempaques.com\/inversionistas\/wp-content\/uploads\/2021\/02\/Grupo-2615@2x-2-768x800.png 768w\" sizes=\"(max-width: 1409px) 100vw, 1409px\" \/>\t\t\t\t\t\t\t\t\t\t\t\t\t<\/div>\n\t\t\t\t<\/div>\n\t\t\t\t<div class=\"elementor-element elementor-element-877ac97 elementor-widget__width-initial elementor-absolute elementor-hidden-phone elementor-widget elementor-widget-image\" data-id=\"877ac97\" data-element_type=\"widget\" data-settings=\"{&quot;_position&quot;:&quot;absolute&quot;}\" data-widget_type=\"image.default\">\n\t\t\t\t<div class=\"elementor-widget-container\">\n\t\t\t\t\t\t\t\t\t\t\t\t\t<img decoding=\"async\" width=\"821\" height=\"1212\" src=\"https:\/\/carvajalempaques.com\/inversionistas\/wp-content\/uploads\/2021\/02\/Grupo-2616@2x-1.png\" class=\"attachment-full size-full wp-image-23467\" alt=\"\" srcset=\"https:\/\/carvajalempaques.com\/inversionistas\/wp-content\/uploads\/2021\/02\/Grupo-2616@2x-1.png 821w, https:\/\/carvajalempaques.com\/inversionistas\/wp-content\/uploads\/2021\/02\/Grupo-2616@2x-1-203x300.png 203w, https:\/\/carvajalempaques.com\/inversionistas\/wp-content\/uploads\/2021\/02\/Grupo-2616@2x-1-694x1024.png 694w, https:\/\/carvajalempaques.com\/inversionistas\/wp-content\/uploads\/2021\/02\/Grupo-2616@2x-1-768x1134.png 768w\" sizes=\"(max-width: 821px) 100vw, 821px\" \/>\t\t\t\t\t\t\t\t\t\t\t\t\t<\/div>\n\t\t\t\t<\/div>\n\t\t\t\t<section class=\"elementor-section elementor-inner-section elementor-element elementor-element-1083975 elementor-section-boxed elementor-section-height-default elementor-section-height-default\" data-id=\"1083975\" data-element_type=\"section\" data-settings=\"{&quot;_ha_eqh_enable&quot;:false}\">\n\t\t\t\t\t\t<div class=\"elementor-container elementor-column-gap-default\">\n\t\t\t\t\t<div class=\"elementor-column elementor-col-50 elementor-inner-column elementor-element elementor-element-dc86566\" data-id=\"dc86566\" data-element_type=\"column\">\n\t\t\t<div class=\"elementor-widget-wrap elementor-element-populated\">\n\t\t\t\t\t\t<div class=\"elementor-element elementor-element-f352156 elementor-widget elementor-widget-heading\" data-id=\"f352156\" data-element_type=\"widget\" data-widget_type=\"heading.default\">\n\t\t\t\t<div class=\"elementor-widget-container\">\n\t\t\t<h3 class=\"elementor-heading-title elementor-size-default\">Ingresos<\/h3>\t\t<\/div>\n\t\t\t\t<\/div>\n\t\t\t\t\t<\/div>\n\t\t<\/div>\n\t\t\t\t<div class=\"elementor-column elementor-col-50 elementor-inner-column elementor-element elementor-element-d966437\" data-id=\"d966437\" data-element_type=\"column\">\n\t\t\t<div class=\"elementor-widget-wrap elementor-element-populated\">\n\t\t\t\t\t\t<div class=\"elementor-element elementor-element-b53b8e4 elementor-widget elementor-widget-image\" data-id=\"b53b8e4\" data-element_type=\"widget\" data-widget_type=\"image.default\">\n\t\t\t\t<div class=\"elementor-widget-container\">\n\t\t\t\t\t\t\t\t\t\t\t\t\t<img decoding=\"async\" width=\"780\" height=\"451\" src=\"https:\/\/carvajalempaques.com\/inversionistas\/wp-content\/uploads\/2024\/05\/Ingresos-2023.png\" class=\"attachment-full size-full wp-image-26529\" alt=\"\" \/>\t\t\t\t\t\t\t\t\t\t\t\t\t<\/div>\n\t\t\t\t<\/div>\n\t\t\t\t<div class=\"elementor-element elementor-element-00cc799 elementor-widget elementor-widget-heading\" data-id=\"00cc799\" data-element_type=\"widget\" data-widget_type=\"heading.default\">\n\t\t\t\t<div class=\"elementor-widget-container\">\n\t\t\t<h3 class=\"elementor-heading-title elementor-size-default\">Utilidad operacional<\/h3>\t\t<\/div>\n\t\t\t\t<\/div>\n\t\t\t\t<div class=\"elementor-element elementor-element-d2ec9d4 elementor-widget elementor-widget-image\" data-id=\"d2ec9d4\" data-element_type=\"widget\" data-widget_type=\"image.default\">\n\t\t\t\t<div class=\"elementor-widget-container\">\n\t\t\t\t\t\t\t\t\t\t\t\t\t<img loading=\"lazy\" decoding=\"async\" width=\"876\" height=\"511\" src=\"https:\/\/carvajalempaques.com\/inversionistas\/wp-content\/uploads\/2024\/05\/Utilidad-Operacional2023.png\" class=\"attachment-full size-full wp-image-26530\" alt=\"\" \/>\t\t\t\t\t\t\t\t\t\t\t\t\t<\/div>\n\t\t\t\t<\/div>\n\t\t\t\t\t<\/div>\n\t\t<\/div>\n\t\t\t\t\t<\/div>\n\t\t<\/section>\n\t\t\t\t<section class=\"elementor-section elementor-inner-section elementor-element elementor-element-3e803ec elementor-section-boxed elementor-section-height-default elementor-section-height-default\" data-id=\"3e803ec\" data-element_type=\"section\" data-settings=\"{&quot;_ha_eqh_enable&quot;:false}\">\n\t\t\t\t\t\t<div class=\"elementor-container elementor-column-gap-default\">\n\t\t\t\t\t<div class=\"elementor-column elementor-col-50 elementor-inner-column elementor-element elementor-element-2c03c9f\" data-id=\"2c03c9f\" data-element_type=\"column\">\n\t\t\t<div class=\"elementor-widget-wrap elementor-element-populated\">\n\t\t\t\t\t\t<div class=\"elementor-element elementor-element-6a6f03d elementor-widget elementor-widget-heading\" data-id=\"6a6f03d\" data-element_type=\"widget\" data-widget_type=\"heading.default\">\n\t\t\t\t<div class=\"elementor-widget-container\">\n\t\t\t<h3 class=\"elementor-heading-title elementor-size-default\">Utilidad neta<\/h3>\t\t<\/div>\n\t\t\t\t<\/div>\n\t\t\t\t\t<\/div>\n\t\t<\/div>\n\t\t\t\t<div class=\"elementor-column elementor-col-50 elementor-inner-column elementor-element elementor-element-26a80bc\" data-id=\"26a80bc\" data-element_type=\"column\">\n\t\t\t<div class=\"elementor-widget-wrap elementor-element-populated\">\n\t\t\t\t\t\t<div class=\"elementor-element elementor-element-02bacc8 elementor-widget elementor-widget-image\" data-id=\"02bacc8\" data-element_type=\"widget\" data-widget_type=\"image.default\">\n\t\t\t\t<div class=\"elementor-widget-container\">\n\t\t\t\t\t\t\t\t\t\t\t\t\t<img loading=\"lazy\" decoding=\"async\" width=\"877\" height=\"517\" src=\"https:\/\/carvajalempaques.com\/inversionistas\/wp-content\/uploads\/2024\/05\/Utilidad-Neta2023.png\" class=\"attachment-full size-full wp-image-26531\" alt=\"\" \/>\t\t\t\t\t\t\t\t\t\t\t\t\t<\/div>\n\t\t\t\t<\/div>\n\t\t\t\t<div class=\"elementor-element elementor-element-0daf670 elementor-widget elementor-widget-heading\" data-id=\"0daf670\" data-element_type=\"widget\" data-widget_type=\"heading.default\">\n\t\t\t\t<div class=\"elementor-widget-container\">\n\t\t\t<h3 class=\"elementor-heading-title elementor-size-default\">Total activos<\/h3>\t\t<\/div>\n\t\t\t\t<\/div>\n\t\t\t\t<div class=\"elementor-element elementor-element-aa06f77 elementor-widget elementor-widget-image\" data-id=\"aa06f77\" data-element_type=\"widget\" data-widget_type=\"image.default\">\n\t\t\t\t<div class=\"elementor-widget-container\">\n\t\t\t\t\t\t\t\t\t\t\t\t\t<img loading=\"lazy\" decoding=\"async\" width=\"866\" height=\"511\" src=\"https:\/\/carvajalempaques.com\/inversionistas\/wp-content\/uploads\/2024\/05\/Activos2023.png\" class=\"attachment-full size-full wp-image-26532\" alt=\"\" \/>\t\t\t\t\t\t\t\t\t\t\t\t\t<\/div>\n\t\t\t\t<\/div>\n\t\t\t\t\t<\/div>\n\t\t<\/div>\n\t\t\t\t\t<\/div>\n\t\t<\/section>\n\t\t\t\t<section class=\"elementor-section elementor-inner-section elementor-element elementor-element-beb30c5 elementor-section-boxed elementor-section-height-default elementor-section-height-default\" data-id=\"beb30c5\" data-element_type=\"section\" data-settings=\"{&quot;_ha_eqh_enable&quot;:false}\">\n\t\t\t\t\t\t<div class=\"elementor-container elementor-column-gap-default\">\n\t\t\t\t\t<div class=\"elementor-column elementor-col-50 elementor-inner-column elementor-element elementor-element-dec3cb2\" data-id=\"dec3cb2\" data-element_type=\"column\">\n\t\t\t<div class=\"elementor-widget-wrap elementor-element-populated\">\n\t\t\t\t\t\t<div class=\"elementor-element elementor-element-b860619 elementor-widget elementor-widget-heading\" data-id=\"b860619\" data-element_type=\"widget\" data-widget_type=\"heading.default\">\n\t\t\t\t<div class=\"elementor-widget-container\">\n\t\t\t<h3 class=\"elementor-heading-title elementor-size-default\">Total pasivos<\/h3>\t\t<\/div>\n\t\t\t\t<\/div>\n\t\t\t\t<div class=\"elementor-element elementor-element-1c217ed elementor-widget elementor-widget-image\" data-id=\"1c217ed\" data-element_type=\"widget\" data-widget_type=\"image.default\">\n\t\t\t\t<div class=\"elementor-widget-container\">\n\t\t\t\t\t\t\t\t\t\t\t\t\t<img loading=\"lazy\" decoding=\"async\" width=\"874\" height=\"512\" src=\"https:\/\/carvajalempaques.com\/inversionistas\/wp-content\/uploads\/2024\/05\/Pasivos2023.png\" class=\"attachment-full size-full wp-image-26533\" alt=\"\" \/>\t\t\t\t\t\t\t\t\t\t\t\t\t<\/div>\n\t\t\t\t<\/div>\n\t\t\t\t\t<\/div>\n\t\t<\/div>\n\t\t\t\t<div class=\"elementor-column elementor-col-50 elementor-inner-column elementor-element elementor-element-c67490b\" data-id=\"c67490b\" data-element_type=\"column\">\n\t\t\t<div class=\"elementor-widget-wrap\">\n\t\t\t\t\t\t\t<\/div>\n\t\t<\/div>\n\t\t\t\t\t<\/div>\n\t\t<\/section>\n\t\t\t\t<section class=\"elementor-section elementor-inner-section elementor-element elementor-element-76bec41 elementor-section-boxed elementor-section-height-default elementor-section-height-default\" data-id=\"76bec41\" data-element_type=\"section\" data-settings=\"{&quot;_ha_eqh_enable&quot;:false}\">\n\t\t\t\t\t\t<div class=\"elementor-container elementor-column-gap-default\">\n\t\t\t\t\t<div class=\"elementor-column elementor-col-100 elementor-inner-column elementor-element elementor-element-01ccddc\" data-id=\"01ccddc\" data-element_type=\"column\">\n\t\t\t<div class=\"elementor-widget-wrap elementor-element-populated\">\n\t\t\t\t\t\t<div class=\"elementor-element elementor-element-d0902a9 elementor-widget elementor-widget-spacer\" data-id=\"d0902a9\" data-element_type=\"widget\" data-widget_type=\"spacer.default\">\n\t\t\t\t<div class=\"elementor-widget-container\">\n\t\t\t\t\t<div class=\"elementor-spacer\">\n\t\t\t<div class=\"elementor-spacer-inner\"><\/div>\n\t\t<\/div>\n\t\t\t\t<\/div>\n\t\t\t\t<\/div>\n\t\t\t\t\t<\/div>\n\t\t<\/div>\n\t\t\t\t\t<\/div>\n\t\t<\/section>\n\t\t\t\t\t<\/div>\n\t\t<\/div>\n\t\t\t\t\t<\/div>\n\t\t<\/section>\n\t\t\t\t<\/div>\n\t\t","protected":false},"excerpt":{"rendered":"<p>Perfil corporativo Cifras\u200b Relevantes Ingresos Utilidad operacional Utilidad neta Total activos Total pasivos<\/p>\n","protected":false},"author":1,"featured_media":0,"parent":0,"menu_order":0,"comment_status":"closed","ping_status":"closed","template":"","meta":{"site-sidebar-layout":"no-sidebar","site-content-layout":"page-builder","ast-global-header-display":"","ast-main-header-display":"","ast-hfb-above-header-display":"","ast-hfb-below-header-display":"","ast-hfb-mobile-header-display":"","site-post-title":"disabled","ast-breadcrumbs-content":"","ast-featured-img":"disabled","footer-sml-layout":"","theme-transparent-header-meta":"default","adv-header-id-meta":"","stick-header-meta":"","header-above-stick-meta":"","header-main-stick-meta":"","header-below-stick-meta":"","footnotes":""},"class_list":["post-1260","page","type-page","status-publish","hentry"],"acf":[],"yoast_head":"<!-- This site is optimized with the Yoast SEO plugin v20.4 - https:\/\/yoast.com\/wordpress\/plugins\/seo\/ -->\n<title>Cifras relevantes - Carvajal Inversionistas<\/title>\n<meta name=\"description\" content=\"Somos una empresa multilatina, especializada en el dise\u00f1o, producci\u00f3n y distribuci\u00f3n de soluciones innovadoras y personalizadas de empaques sostenibles, para los mercados industrial, foodservice y hogar.\" \/>\n<meta name=\"robots\" content=\"noindex, follow, max-snippet:-1, max-image-preview:large, max-video-preview:-1\" \/>\n<meta property=\"og:locale\" content=\"es_ES\" \/>\n<meta property=\"og:type\" content=\"article\" \/>\n<meta property=\"og:title\" content=\"Cifras relevantes - Carvajal Inversionistas\" \/>\n<meta property=\"og:description\" content=\"Somos una empresa multilatina, especializada en el dise\u00f1o, producci\u00f3n y distribuci\u00f3n de soluciones innovadoras y personalizadas de empaques sostenibles, para los mercados industrial, foodservice y hogar.\" \/>\n<meta property=\"og:url\" content=\"https:\/\/carvajalempaques.com\/inversionistas\/cifras-relevantes\/\" \/>\n<meta property=\"og:site_name\" content=\"Carvajal Inversionistas\" \/>\n<meta property=\"article:modified_time\" content=\"2024-05-09T15:36:24+00:00\" \/>\n<meta property=\"og:image\" content=\"https:\/\/carvajalempaques.com\/inversionistas\/wp-content\/uploads\/2021\/02\/Grupo-2615@2x-2.png\" \/>\n<meta name=\"twitter:card\" content=\"summary_large_image\" \/>\n<meta name=\"twitter:label1\" content=\"Tiempo de lectura\" \/>\n\t<meta name=\"twitter:data1\" content=\"2 minutos\" \/>\n<script type=\"application\/ld+json\" class=\"yoast-schema-graph\">{\"@context\":\"https:\/\/schema.org\",\"@graph\":[{\"@type\":\"WebPage\",\"@id\":\"https:\/\/carvajalempaques.com\/inversionistas\/cifras-relevantes\/\",\"url\":\"https:\/\/carvajalempaques.com\/inversionistas\/cifras-relevantes\/\",\"name\":\"Cifras relevantes - Carvajal Inversionistas\",\"isPartOf\":{\"@id\":\"https:\/\/carvajalempaques.com\/inversionistas\/#website\"},\"datePublished\":\"2021-01-27T01:49:04+00:00\",\"dateModified\":\"2024-05-09T15:36:24+00:00\",\"description\":\"Somos una empresa multilatina, especializada en el dise\u00f1o, producci\u00f3n y distribuci\u00f3n de soluciones innovadoras y personalizadas de empaques sostenibles, para los mercados industrial, foodservice y hogar.\",\"breadcrumb\":{\"@id\":\"https:\/\/carvajalempaques.com\/inversionistas\/cifras-relevantes\/#breadcrumb\"},\"inLanguage\":\"es\",\"potentialAction\":[{\"@type\":\"ReadAction\",\"target\":[\"https:\/\/carvajalempaques.com\/inversionistas\/cifras-relevantes\/\"]}]},{\"@type\":\"BreadcrumbList\",\"@id\":\"https:\/\/carvajalempaques.com\/inversionistas\/cifras-relevantes\/#breadcrumb\",\"itemListElement\":[{\"@type\":\"ListItem\",\"position\":1,\"name\":\"Inversionistas\",\"item\":\"https:\/\/carvajalempaques.com\/inversionistas\/\"},{\"@type\":\"ListItem\",\"position\":2,\"name\":\"Cifras relevantes\"}]},{\"@type\":\"WebSite\",\"@id\":\"https:\/\/carvajalempaques.com\/inversionistas\/#website\",\"url\":\"https:\/\/carvajalempaques.com\/inversionistas\/\",\"name\":\"Carvajal Inversionistas\",\"description\":\"Carvajal Inversionistas\",\"publisher\":{\"@id\":\"https:\/\/carvajalempaques.com\/inversionistas\/#organization\"},\"potentialAction\":[{\"@type\":\"SearchAction\",\"target\":{\"@type\":\"EntryPoint\",\"urlTemplate\":\"https:\/\/carvajalempaques.com\/inversionistas\/?s={search_term_string}\"},\"query-input\":\"required name=search_term_string\"}],\"inLanguage\":\"es\"},{\"@type\":\"Organization\",\"@id\":\"https:\/\/carvajalempaques.com\/inversionistas\/#organization\",\"name\":\"Carvajal Empaques\",\"url\":\"https:\/\/carvajalempaques.com\/inversionistas\/\",\"logo\":{\"@type\":\"ImageObject\",\"inLanguage\":\"es\",\"@id\":\"https:\/\/carvajalempaques.com\/inversionistas\/#\/schema\/logo\/image\/\",\"url\":\"https:\/\/carvajalempaques.com\/inversionistas\/wp-content\/uploads\/2021\/01\/Grupo-2323@2x.png\",\"contentUrl\":\"https:\/\/carvajalempaques.com\/inversionistas\/wp-content\/uploads\/2021\/01\/Grupo-2323@2x.png\",\"width\":262,\"height\":96,\"caption\":\"Carvajal Empaques\"},\"image\":{\"@id\":\"https:\/\/carvajalempaques.com\/inversionistas\/#\/schema\/logo\/image\/\"}}]}<\/script>\n<!-- \/ Yoast SEO plugin. -->","yoast_head_json":{"title":"Cifras relevantes - Carvajal Inversionistas","description":"Somos una empresa multilatina, especializada en el dise\u00f1o, producci\u00f3n y distribuci\u00f3n de soluciones innovadoras y personalizadas de empaques sostenibles, para los mercados industrial, foodservice y hogar.","robots":{"index":"noindex","follow":"follow","max-snippet":"max-snippet:-1","max-image-preview":"max-image-preview:large","max-video-preview":"max-video-preview:-1"},"og_locale":"es_ES","og_type":"article","og_title":"Cifras relevantes - Carvajal Inversionistas","og_description":"Somos una empresa multilatina, especializada en el dise\u00f1o, producci\u00f3n y distribuci\u00f3n de soluciones innovadoras y personalizadas de empaques sostenibles, para los mercados industrial, foodservice y hogar.","og_url":"https:\/\/carvajalempaques.com\/inversionistas\/cifras-relevantes\/","og_site_name":"Carvajal Inversionistas","article_modified_time":"2024-05-09T15:36:24+00:00","og_image":[{"url":"https:\/\/carvajalempaques.com\/inversionistas\/wp-content\/uploads\/2021\/02\/Grupo-2615@2x-2.png"}],"twitter_card":"summary_large_image","twitter_misc":{"Tiempo de lectura":"2 minutos"},"schema":{"@context":"https:\/\/schema.org","@graph":[{"@type":"WebPage","@id":"https:\/\/carvajalempaques.com\/inversionistas\/cifras-relevantes\/","url":"https:\/\/carvajalempaques.com\/inversionistas\/cifras-relevantes\/","name":"Cifras relevantes - Carvajal Inversionistas","isPartOf":{"@id":"https:\/\/carvajalempaques.com\/inversionistas\/#website"},"datePublished":"2021-01-27T01:49:04+00:00","dateModified":"2024-05-09T15:36:24+00:00","description":"Somos una empresa multilatina, especializada en el dise\u00f1o, producci\u00f3n y distribuci\u00f3n de soluciones innovadoras y personalizadas de empaques sostenibles, para los mercados industrial, foodservice y hogar.","breadcrumb":{"@id":"https:\/\/carvajalempaques.com\/inversionistas\/cifras-relevantes\/#breadcrumb"},"inLanguage":"es","potentialAction":[{"@type":"ReadAction","target":["https:\/\/carvajalempaques.com\/inversionistas\/cifras-relevantes\/"]}]},{"@type":"BreadcrumbList","@id":"https:\/\/carvajalempaques.com\/inversionistas\/cifras-relevantes\/#breadcrumb","itemListElement":[{"@type":"ListItem","position":1,"name":"Inversionistas","item":"https:\/\/carvajalempaques.com\/inversionistas\/"},{"@type":"ListItem","position":2,"name":"Cifras relevantes"}]},{"@type":"WebSite","@id":"https:\/\/carvajalempaques.com\/inversionistas\/#website","url":"https:\/\/carvajalempaques.com\/inversionistas\/","name":"Carvajal Inversionistas","description":"Carvajal Inversionistas","publisher":{"@id":"https:\/\/carvajalempaques.com\/inversionistas\/#organization"},"potentialAction":[{"@type":"SearchAction","target":{"@type":"EntryPoint","urlTemplate":"https:\/\/carvajalempaques.com\/inversionistas\/?s={search_term_string}"},"query-input":"required name=search_term_string"}],"inLanguage":"es"},{"@type":"Organization","@id":"https:\/\/carvajalempaques.com\/inversionistas\/#organization","name":"Carvajal Empaques","url":"https:\/\/carvajalempaques.com\/inversionistas\/","logo":{"@type":"ImageObject","inLanguage":"es","@id":"https:\/\/carvajalempaques.com\/inversionistas\/#\/schema\/logo\/image\/","url":"https:\/\/carvajalempaques.com\/inversionistas\/wp-content\/uploads\/2021\/01\/Grupo-2323@2x.png","contentUrl":"https:\/\/carvajalempaques.com\/inversionistas\/wp-content\/uploads\/2021\/01\/Grupo-2323@2x.png","width":262,"height":96,"caption":"Carvajal Empaques"},"image":{"@id":"https:\/\/carvajalempaques.com\/inversionistas\/#\/schema\/logo\/image\/"}}]}},"_links":{"self":[{"href":"https:\/\/carvajalempaques.com\/inversionistas\/wp-json\/wp\/v2\/pages\/1260","targetHints":{"allow":["GET"]}}],"collection":[{"href":"https:\/\/carvajalempaques.com\/inversionistas\/wp-json\/wp\/v2\/pages"}],"about":[{"href":"https:\/\/carvajalempaques.com\/inversionistas\/wp-json\/wp\/v2\/types\/page"}],"author":[{"embeddable":true,"href":"https:\/\/carvajalempaques.com\/inversionistas\/wp-json\/wp\/v2\/users\/1"}],"replies":[{"embeddable":true,"href":"https:\/\/carvajalempaques.com\/inversionistas\/wp-json\/wp\/v2\/comments?post=1260"}],"version-history":[{"count":119,"href":"https:\/\/carvajalempaques.com\/inversionistas\/wp-json\/wp\/v2\/pages\/1260\/revisions"}],"predecessor-version":[{"id":26543,"href":"https:\/\/carvajalempaques.com\/inversionistas\/wp-json\/wp\/v2\/pages\/1260\/revisions\/26543"}],"wp:attachment":[{"href":"https:\/\/carvajalempaques.com\/inversionistas\/wp-json\/wp\/v2\/media?parent=1260"}],"curies":[{"name":"wp","href":"https:\/\/api.w.org\/{rel}","templated":true}]}}