{"id":1339,"date":"2021-01-27T04:07:30","date_gmt":"2021-01-27T04:07:30","guid":{"rendered":"https:\/\/carvajalempaques.com\/inversionistas\/?page_id=1339"},"modified":"2021-04-04T15:48:53","modified_gmt":"2021-04-04T15:48:53","slug":"revisor-fiscal-auditor-interno","status":"publish","type":"page","link":"https:\/\/carvajalempaques.com\/inversionistas\/revisor-fiscal-auditor-interno\/","title":{"rendered":"Revisor fiscal \/ Auditor interno"},"content":{"rendered":"\t\t<div data-elementor-type=\"wp-page\" data-elementor-id=\"1339\" class=\"elementor elementor-1339\" data-elementor-post-type=\"page\">\n\t\t\t\t\t\t<section class=\"elementor-section elementor-top-section elementor-element elementor-element-9779c62 elementor-section-height-min-height elementor-section-boxed elementor-section-height-default elementor-section-items-middle\" data-id=\"9779c62\" data-element_type=\"section\" data-settings=\"{&quot;background_background&quot;:&quot;classic&quot;,&quot;_ha_eqh_enable&quot;:false}\">\n\t\t\t\t\t\t\t<div class=\"elementor-background-overlay\"><\/div>\n\t\t\t\t\t\t\t<div class=\"elementor-container elementor-column-gap-default\">\n\t\t\t\t\t<div class=\"elementor-column elementor-col-100 elementor-top-column elementor-element elementor-element-4fb57f1d\" data-id=\"4fb57f1d\" data-element_type=\"column\">\n\t\t\t<div class=\"elementor-widget-wrap elementor-element-populated\">\n\t\t\t\t\t\t<div class=\"elementor-element elementor-element-2031aeb3 elementor-widget elementor-widget-global elementor-global-23676 elementor-widget-heading\" data-id=\"2031aeb3\" data-element_type=\"widget\" data-widget_type=\"heading.default\">\n\t\t\t\t<div class=\"elementor-widget-container\">\n\t\t\t<h2 class=\"elementor-heading-title elementor-size-default\">Gobierno corporativo<\/h2>\t\t<\/div>\n\t\t\t\t<\/div>\n\t\t\t\t\t<\/div>\n\t\t<\/div>\n\t\t\t\t\t<\/div>\n\t\t<\/section>\n\t\t\t\t<section class=\"elementor-section elementor-top-section elementor-element elementor-element-1489e3c7 elementor-section-full_width elementor-section-height-default elementor-section-height-default\" data-id=\"1489e3c7\" data-element_type=\"section\" data-settings=\"{&quot;_ha_eqh_enable&quot;:false}\">\n\t\t\t\t\t\t<div class=\"elementor-container elementor-column-gap-no\">\n\t\t\t\t\t<div class=\"elementor-column elementor-col-50 elementor-top-column elementor-element elementor-element-6b86948b\" data-id=\"6b86948b\" data-element_type=\"column\">\n\t\t\t<div class=\"elementor-widget-wrap\">\n\t\t\t\t\t\t\t<\/div>\n\t\t<\/div>\n\t\t\t\t<div class=\"elementor-column elementor-col-50 elementor-top-column elementor-element elementor-element-7827c003\" data-id=\"7827c003\" data-element_type=\"column\">\n\t\t\t<div class=\"elementor-widget-wrap elementor-element-populated\">\n\t\t\t\t\t\t<div class=\"elementor-element elementor-element-8d3ab0c elementor-widget elementor-widget-global elementor-global-22152 elementor-widget-breadcrumbs\" data-id=\"8d3ab0c\" data-element_type=\"widget\" data-widget_type=\"breadcrumbs.default\">\n\t\t\t\t<div class=\"elementor-widget-container\">\n\t\t\t<p id=\"breadcrumbs\">\t<a href=\"https:\/\/carvajalempaques.com\">Carvajal Empaques Global<\/a> \u00bb\n<span><span><a href=\"https:\/\/carvajalempaques.com\/inversionistas\/\">Inversionistas<\/a><\/span><\/span><\/p>\t\t<\/div>\n\t\t\t\t<\/div>\n\t\t\t\t\t<\/div>\n\t\t<\/div>\n\t\t\t\t\t<\/div>\n\t\t<\/section>\n\t\t\t\t<section class=\"elementor-section elementor-top-section elementor-element elementor-element-66f7e09 elementor-section-full_width elementor-section-height-default elementor-section-height-default\" data-id=\"66f7e09\" data-element_type=\"section\" data-settings=\"{&quot;_ha_eqh_enable&quot;:false}\">\n\t\t\t\t\t\t<div class=\"elementor-container elementor-column-gap-no\">\n\t\t\t\t\t<div class=\"elementor-column elementor-col-100 elementor-top-column elementor-element elementor-element-121f991\" data-id=\"121f991\" data-element_type=\"column\">\n\t\t\t<div class=\"elementor-widget-wrap elementor-element-populated\">\n\t\t\t\t\t\t<div class=\"elementor-element elementor-element-22b4a68 elementor-widget elementor-widget-spacer\" data-id=\"22b4a68\" data-element_type=\"widget\" data-widget_type=\"spacer.default\">\n\t\t\t\t<div class=\"elementor-widget-container\">\n\t\t\t\t\t<div class=\"elementor-spacer\">\n\t\t\t<div class=\"elementor-spacer-inner\"><\/div>\n\t\t<\/div>\n\t\t\t\t<\/div>\n\t\t\t\t<\/div>\n\t\t\t\t<div class=\"elementor-element elementor-element-ad3db5e uael-heading-align-center elementor-widget elementor-widget-uael-advanced-heading\" data-id=\"ad3db5e\" data-element_type=\"widget\" data-widget_type=\"uael-advanced-heading.default\">\n\t\t\t\t<div class=\"elementor-widget-container\">\n\t\t\t\r\n\t\t<div class=\"uael-module-content uael-heading-wrapper\">\r\n\t\t\t\t\t\t\r\n\t\t\t<h2 class=\"uael-heading\">\r\n\t\t\t\t\t\t\t\t\t\t<span class=\"uael-heading-text elementor-inline-editing uael-size--default\" data-elementor-setting-key=\"heading_title\" data-elementor-inline-editing-toolbar=\"basic\">Revisor fiscal<\/span>\r\n\t\t\t\t\t\t\t<\/h2>\r\n\r\n\t\t\t\t\t\t\t<div class=\"uael-sub-heading elementor-inline-editing\" data-elementor-setting-key=\"sub_heading\" data-elementor-inline-editing-toolbar=\"advanced\" >Auditor interno<\/div>\r\n\t\t\t\r\n\t\t\t\r\n\t\t\t\r\n\t\t\t\t\t\t<\/div>\r\n\t\t\t\t<\/div>\n\t\t\t\t<\/div>\n\t\t\t\t<div class=\"elementor-element elementor-element-43d7eb0 elementor-widget elementor-widget-spacer\" data-id=\"43d7eb0\" data-element_type=\"widget\" data-widget_type=\"spacer.default\">\n\t\t\t\t<div class=\"elementor-widget-container\">\n\t\t\t\t\t<div class=\"elementor-spacer\">\n\t\t\t<div class=\"elementor-spacer-inner\"><\/div>\n\t\t<\/div>\n\t\t\t\t<\/div>\n\t\t\t\t<\/div>\n\t\t\t\t\t<\/div>\n\t\t<\/div>\n\t\t\t\t\t<\/div>\n\t\t<\/section>\n\t\t\t\t<section class=\"elementor-section elementor-top-section elementor-element elementor-element-6e6c648 elementor-section-full_width elementor-section-height-min-height elementor-section-content-middle elementor-section-height-default elementor-section-items-middle\" data-id=\"6e6c648\" data-element_type=\"section\" data-settings=\"{&quot;_ha_eqh_enable&quot;:false}\">\n\t\t\t\t\t\t<div class=\"elementor-container elementor-column-gap-no\">\n\t\t\t\t\t<div class=\"elementor-column elementor-col-50 elementor-top-column elementor-element elementor-element-ae518a6\" data-id=\"ae518a6\" data-element_type=\"column\">\n\t\t\t<div class=\"elementor-widget-wrap elementor-element-populated\">\n\t\t\t\t\t\t<section class=\"elementor-section elementor-inner-section elementor-element elementor-element-996addf elementor-section-boxed elementor-section-height-default elementor-section-height-default\" data-id=\"996addf\" data-element_type=\"section\" data-settings=\"{&quot;_ha_eqh_enable&quot;:false}\">\n\t\t\t\t\t\t<div class=\"elementor-container elementor-column-gap-default\">\n\t\t\t\t\t<div class=\"elementor-column elementor-col-50 elementor-inner-column elementor-element elementor-element-c0ef114\" data-id=\"c0ef114\" data-element_type=\"column\">\n\t\t\t<div class=\"elementor-widget-wrap\">\n\t\t\t\t\t\t\t<\/div>\n\t\t<\/div>\n\t\t\t\t<div class=\"elementor-column elementor-col-50 elementor-inner-column elementor-element elementor-element-f8fadc6\" data-id=\"f8fadc6\" data-element_type=\"column\">\n\t\t\t<div class=\"elementor-widget-wrap elementor-element-populated\">\n\t\t\t\t\t\t<div class=\"elementor-element elementor-element-6e1f4ca elementor-widget elementor-widget-image\" data-id=\"6e1f4ca\" data-element_type=\"widget\" data-widget_type=\"image.default\">\n\t\t\t\t<div class=\"elementor-widget-container\">\n\t\t\t\t\t\t\t\t\t\t\t\t\t<img decoding=\"async\" width=\"200\" height=\"200\" src=\"https:\/\/carvajalempaques.com\/inversionistas\/wp-content\/uploads\/2021\/01\/Logo-EY.png\" class=\"attachment-full size-full wp-image-1344\" alt=\"\" srcset=\"https:\/\/carvajalempaques.com\/inversionistas\/wp-content\/uploads\/2021\/01\/Logo-EY.png 200w, https:\/\/carvajalempaques.com\/inversionistas\/wp-content\/uploads\/2021\/01\/Logo-EY-150x150.png 150w\" sizes=\"(max-width: 200px) 100vw, 200px\" \/>\t\t\t\t\t\t\t\t\t\t\t\t\t<\/div>\n\t\t\t\t<\/div>\n\t\t\t\t\t<\/div>\n\t\t<\/div>\n\t\t\t\t\t<\/div>\n\t\t<\/section>\n\t\t\t\t\t<\/div>\n\t\t<\/div>\n\t\t\t\t<div class=\"elementor-column elementor-col-50 elementor-top-column elementor-element elementor-element-a8aa13d\" data-id=\"a8aa13d\" data-element_type=\"column\" data-settings=\"{&quot;background_background&quot;:&quot;classic&quot;}\">\n\t\t\t<div class=\"elementor-widget-wrap elementor-element-populated\">\n\t\t\t\t\t\t<section class=\"elementor-section elementor-inner-section elementor-element elementor-element-fe842c5 elementor-section-boxed elementor-section-height-default elementor-section-height-default\" data-id=\"fe842c5\" data-element_type=\"section\" data-settings=\"{&quot;_ha_eqh_enable&quot;:false}\">\n\t\t\t\t\t\t<div class=\"elementor-container elementor-column-gap-default\">\n\t\t\t\t\t<div class=\"elementor-column elementor-col-33 elementor-inner-column elementor-element elementor-element-e79fcd0\" data-id=\"e79fcd0\" data-element_type=\"column\">\n\t\t\t<div class=\"elementor-widget-wrap\">\n\t\t\t\t\t\t\t<\/div>\n\t\t<\/div>\n\t\t\t\t<div class=\"elementor-column elementor-col-33 elementor-inner-column elementor-element elementor-element-5389929\" data-id=\"5389929\" data-element_type=\"column\">\n\t\t\t<div class=\"elementor-widget-wrap elementor-element-populated\">\n\t\t\t\t\t\t<div class=\"elementor-element elementor-element-f90ebfd elementor-widget elementor-widget-heading\" data-id=\"f90ebfd\" data-element_type=\"widget\" data-widget_type=\"heading.default\">\n\t\t\t\t<div class=\"elementor-widget-container\">\n\t\t\t<h4 class=\"elementor-heading-title elementor-size-default\">Revisor fiscal<\/h4>\t\t<\/div>\n\t\t\t\t<\/div>\n\t\t\t\t<div class=\"elementor-element elementor-element-331bc29 elementor-widget elementor-widget-text-editor\" data-id=\"331bc29\" data-element_type=\"widget\" data-widget_type=\"text-editor.default\">\n\t\t\t\t<div class=\"elementor-widget-container\">\n\t\t\t\t\t\t\t<p>La firma designada como revisor fiscal de la Entidad Emisora es Ernst &amp; Young Audit S.A.S.<\/p>\t\t\t\t\t\t<\/div>\n\t\t\t\t<\/div>\n\t\t\t\t\t<\/div>\n\t\t<\/div>\n\t\t\t\t<div class=\"elementor-column elementor-col-33 elementor-inner-column elementor-element elementor-element-dcf55e4\" data-id=\"dcf55e4\" data-element_type=\"column\">\n\t\t\t<div class=\"elementor-widget-wrap\">\n\t\t\t\t\t\t\t<\/div>\n\t\t<\/div>\n\t\t\t\t\t<\/div>\n\t\t<\/section>\n\t\t\t\t\t<\/div>\n\t\t<\/div>\n\t\t\t\t\t<\/div>\n\t\t<\/section>\n\t\t\t\t<section class=\"elementor-section elementor-top-section elementor-element elementor-element-445a526 elementor-section-full_width elementor-section-height-min-height elementor-section-items-stretch elementor-section-content-middle elementor-section-height-default\" data-id=\"445a526\" data-element_type=\"section\" data-settings=\"{&quot;_ha_eqh_enable&quot;:false}\">\n\t\t\t\t\t\t<div class=\"elementor-container elementor-column-gap-no\">\n\t\t\t\t\t<div class=\"elementor-column elementor-col-50 elementor-top-column elementor-element elementor-element-a4662c4\" data-id=\"a4662c4\" data-element_type=\"column\" data-settings=\"{&quot;background_background&quot;:&quot;classic&quot;}\">\n\t\t\t<div class=\"elementor-widget-wrap elementor-element-populated\">\n\t\t\t\t\t\t<section class=\"elementor-section elementor-inner-section elementor-element elementor-element-3fcd0d8 elementor-section-boxed elementor-section-height-default elementor-section-height-default\" data-id=\"3fcd0d8\" data-element_type=\"section\" data-settings=\"{&quot;_ha_eqh_enable&quot;:false}\">\n\t\t\t\t\t\t<div class=\"elementor-container elementor-column-gap-default\">\n\t\t\t\t\t<div class=\"elementor-column elementor-col-33 elementor-inner-column elementor-element elementor-element-41cfd3b\" data-id=\"41cfd3b\" data-element_type=\"column\">\n\t\t\t<div class=\"elementor-widget-wrap\">\n\t\t\t\t\t\t\t<\/div>\n\t\t<\/div>\n\t\t\t\t<div class=\"elementor-column elementor-col-33 elementor-inner-column elementor-element elementor-element-8cd593e\" data-id=\"8cd593e\" data-element_type=\"column\">\n\t\t\t<div class=\"elementor-widget-wrap elementor-element-populated\">\n\t\t\t\t\t\t<div class=\"elementor-element elementor-element-3d382b0 elementor-widget elementor-widget-heading\" data-id=\"3d382b0\" data-element_type=\"widget\" data-widget_type=\"heading.default\">\n\t\t\t\t<div class=\"elementor-widget-container\">\n\t\t\t<h4 class=\"elementor-heading-title elementor-size-default\">Auditor interno<\/h4>\t\t<\/div>\n\t\t\t\t<\/div>\n\t\t\t\t<div class=\"elementor-element elementor-element-8e0c074 elementor-widget elementor-widget-text-editor\" data-id=\"8e0c074\" data-element_type=\"widget\" data-widget_type=\"text-editor.default\">\n\t\t\t\t<div class=\"elementor-widget-container\">\n\t\t\t\t\t\t\t<p>La firma designada como auditor interno de la Entidad Emisora es KPMG.<\/p>\t\t\t\t\t\t<\/div>\n\t\t\t\t<\/div>\n\t\t\t\t\t<\/div>\n\t\t<\/div>\n\t\t\t\t<div class=\"elementor-column elementor-col-33 elementor-inner-column elementor-element elementor-element-b9c5bbc\" data-id=\"b9c5bbc\" data-element_type=\"column\">\n\t\t\t<div class=\"elementor-widget-wrap\">\n\t\t\t\t\t\t\t<\/div>\n\t\t<\/div>\n\t\t\t\t\t<\/div>\n\t\t<\/section>\n\t\t\t\t\t<\/div>\n\t\t<\/div>\n\t\t\t\t<div class=\"elementor-column elementor-col-50 elementor-top-column elementor-element elementor-element-9405852\" data-id=\"9405852\" data-element_type=\"column\">\n\t\t\t<div class=\"elementor-widget-wrap elementor-element-populated\">\n\t\t\t\t\t\t<section class=\"elementor-section elementor-inner-section elementor-element elementor-element-1a12eb9 elementor-section-boxed elementor-section-height-default elementor-section-height-default\" data-id=\"1a12eb9\" data-element_type=\"section\" data-settings=\"{&quot;_ha_eqh_enable&quot;:false}\">\n\t\t\t\t\t\t<div class=\"elementor-container elementor-column-gap-default\">\n\t\t\t\t\t<div class=\"elementor-column elementor-col-50 elementor-inner-column elementor-element elementor-element-b4ae6e7\" data-id=\"b4ae6e7\" data-element_type=\"column\">\n\t\t\t<div class=\"elementor-widget-wrap elementor-element-populated\">\n\t\t\t\t\t\t<div class=\"elementor-element elementor-element-faab3b4 elementor-widget elementor-widget-image\" data-id=\"faab3b4\" data-element_type=\"widget\" data-widget_type=\"image.default\">\n\t\t\t\t<div class=\"elementor-widget-container\">\n\t\t\t\t\t\t\t\t\t\t\t\t\t<img decoding=\"async\" width=\"300\" height=\"124\" src=\"https:\/\/carvajalempaques.com\/inversionistas\/wp-content\/uploads\/2021\/01\/KPMG_logo.svg-300x124-1.png\" class=\"attachment-full size-full wp-image-1345\" alt=\"\" \/>\t\t\t\t\t\t\t\t\t\t\t\t\t<\/div>\n\t\t\t\t<\/div>\n\t\t\t\t\t<\/div>\n\t\t<\/div>\n\t\t\t\t<div class=\"elementor-column elementor-col-50 elementor-inner-column elementor-element elementor-element-ddb128e\" data-id=\"ddb128e\" data-element_type=\"column\">\n\t\t\t<div class=\"elementor-widget-wrap\">\n\t\t\t\t\t\t\t<\/div>\n\t\t<\/div>\n\t\t\t\t\t<\/div>\n\t\t<\/section>\n\t\t\t\t\t<\/div>\n\t\t<\/div>\n\t\t\t\t\t<\/div>\n\t\t<\/section>\n\t\t\t\t<\/div>\n\t\t","protected":false},"excerpt":{"rendered":"<p>Gobierno corporativo Revisor fiscal Auditor interno Revisor fiscal La firma designada como revisor fiscal de la Entidad Emisora es Ernst &amp; Young Audit S.A.S. Auditor interno La firma designada como auditor interno de la Entidad Emisora es KPMG.<\/p>\n","protected":false},"author":1,"featured_media":0,"parent":0,"menu_order":0,"comment_status":"closed","ping_status":"closed","template":"","meta":{"site-sidebar-layout":"no-sidebar","site-content-layout":"page-builder","ast-global-header-display":"","ast-main-header-display":"","ast-hfb-above-header-display":"","ast-hfb-below-header-display":"","ast-hfb-mobile-header-display":"","site-post-title":"disabled","ast-breadcrumbs-content":"","ast-featured-img":"disabled","footer-sml-layout":"","theme-transparent-header-meta":"default","adv-header-id-meta":"","stick-header-meta":"","header-above-stick-meta":"","header-main-stick-meta":"","header-below-stick-meta":"","footnotes":""},"class_list":["post-1339","page","type-page","status-publish","hentry"],"acf":[],"yoast_head":"<!-- This site is optimized with the Yoast SEO plugin v20.4 - https:\/\/yoast.com\/wordpress\/plugins\/seo\/ -->\n<title>Revisor fiscal \/ Auditor interno - Carvajal Inversionistas<\/title>\n<meta name=\"description\" content=\"Somos una empresa multilatina, especializada en el dise\u00f1o, producci\u00f3n y distribuci\u00f3n de soluciones innovadoras y personalizadas de empaques sostenibles, para los mercados industrial, foodservice y hogar.\" \/>\n<meta name=\"robots\" content=\"noindex, follow, max-snippet:-1, max-image-preview:large, max-video-preview:-1\" \/>\n<meta property=\"og:locale\" content=\"es_ES\" \/>\n<meta property=\"og:type\" content=\"article\" \/>\n<meta property=\"og:title\" content=\"Revisor fiscal \/ Auditor interno - Carvajal Inversionistas\" \/>\n<meta property=\"og:description\" content=\"Somos una empresa multilatina, especializada en el dise\u00f1o, producci\u00f3n y distribuci\u00f3n de soluciones innovadoras y personalizadas de empaques sostenibles, para los mercados industrial, foodservice y hogar.\" \/>\n<meta property=\"og:url\" content=\"https:\/\/carvajalempaques.com\/inversionistas\/revisor-fiscal-auditor-interno\/\" \/>\n<meta property=\"og:site_name\" content=\"Carvajal Inversionistas\" \/>\n<meta property=\"article:modified_time\" content=\"2021-04-04T15:48:53+00:00\" \/>\n<meta property=\"og:image\" content=\"https:\/\/carvajalempaques.com\/inversionistas\/wp-content\/uploads\/2021\/01\/Logo-EY.png\" \/>\n<meta name=\"twitter:card\" content=\"summary_large_image\" \/>\n<meta name=\"twitter:label1\" content=\"Tiempo de lectura\" \/>\n\t<meta name=\"twitter:data1\" content=\"1 minuto\" \/>\n<script type=\"application\/ld+json\" class=\"yoast-schema-graph\">{\"@context\":\"https:\/\/schema.org\",\"@graph\":[{\"@type\":\"WebPage\",\"@id\":\"https:\/\/carvajalempaques.com\/inversionistas\/revisor-fiscal-auditor-interno\/\",\"url\":\"https:\/\/carvajalempaques.com\/inversionistas\/revisor-fiscal-auditor-interno\/\",\"name\":\"Revisor fiscal \/ Auditor interno - Carvajal Inversionistas\",\"isPartOf\":{\"@id\":\"https:\/\/carvajalempaques.com\/inversionistas\/#website\"},\"datePublished\":\"2021-01-27T04:07:30+00:00\",\"dateModified\":\"2021-04-04T15:48:53+00:00\",\"description\":\"Somos una empresa multilatina, especializada en el dise\u00f1o, producci\u00f3n y distribuci\u00f3n de soluciones innovadoras y personalizadas de empaques sostenibles, para los mercados industrial, foodservice y hogar.\",\"breadcrumb\":{\"@id\":\"https:\/\/carvajalempaques.com\/inversionistas\/revisor-fiscal-auditor-interno\/#breadcrumb\"},\"inLanguage\":\"es\",\"potentialAction\":[{\"@type\":\"ReadAction\",\"target\":[\"https:\/\/carvajalempaques.com\/inversionistas\/revisor-fiscal-auditor-interno\/\"]}]},{\"@type\":\"BreadcrumbList\",\"@id\":\"https:\/\/carvajalempaques.com\/inversionistas\/revisor-fiscal-auditor-interno\/#breadcrumb\",\"itemListElement\":[{\"@type\":\"ListItem\",\"position\":1,\"name\":\"Inversionistas\",\"item\":\"https:\/\/carvajalempaques.com\/inversionistas\/\"},{\"@type\":\"ListItem\",\"position\":2,\"name\":\"Revisor fiscal \/ Auditor interno\"}]},{\"@type\":\"WebSite\",\"@id\":\"https:\/\/carvajalempaques.com\/inversionistas\/#website\",\"url\":\"https:\/\/carvajalempaques.com\/inversionistas\/\",\"name\":\"Carvajal Inversionistas\",\"description\":\"Carvajal Inversionistas\",\"publisher\":{\"@id\":\"https:\/\/carvajalempaques.com\/inversionistas\/#organization\"},\"potentialAction\":[{\"@type\":\"SearchAction\",\"target\":{\"@type\":\"EntryPoint\",\"urlTemplate\":\"https:\/\/carvajalempaques.com\/inversionistas\/?s={search_term_string}\"},\"query-input\":\"required name=search_term_string\"}],\"inLanguage\":\"es\"},{\"@type\":\"Organization\",\"@id\":\"https:\/\/carvajalempaques.com\/inversionistas\/#organization\",\"name\":\"Carvajal Empaques\",\"url\":\"https:\/\/carvajalempaques.com\/inversionistas\/\",\"logo\":{\"@type\":\"ImageObject\",\"inLanguage\":\"es\",\"@id\":\"https:\/\/carvajalempaques.com\/inversionistas\/#\/schema\/logo\/image\/\",\"url\":\"https:\/\/carvajalempaques.com\/inversionistas\/wp-content\/uploads\/2021\/01\/Grupo-2323@2x.png\",\"contentUrl\":\"https:\/\/carvajalempaques.com\/inversionistas\/wp-content\/uploads\/2021\/01\/Grupo-2323@2x.png\",\"width\":262,\"height\":96,\"caption\":\"Carvajal Empaques\"},\"image\":{\"@id\":\"https:\/\/carvajalempaques.com\/inversionistas\/#\/schema\/logo\/image\/\"}}]}<\/script>\n<!-- \/ Yoast SEO plugin. -->","yoast_head_json":{"title":"Revisor fiscal \/ Auditor interno - Carvajal Inversionistas","description":"Somos una empresa multilatina, especializada en el dise\u00f1o, producci\u00f3n y distribuci\u00f3n de soluciones innovadoras y personalizadas de empaques sostenibles, para los mercados industrial, foodservice y hogar.","robots":{"index":"noindex","follow":"follow","max-snippet":"max-snippet:-1","max-image-preview":"max-image-preview:large","max-video-preview":"max-video-preview:-1"},"og_locale":"es_ES","og_type":"article","og_title":"Revisor fiscal \/ Auditor interno - Carvajal Inversionistas","og_description":"Somos una empresa multilatina, especializada en el dise\u00f1o, producci\u00f3n y distribuci\u00f3n de soluciones innovadoras y personalizadas de empaques sostenibles, para los mercados industrial, foodservice y hogar.","og_url":"https:\/\/carvajalempaques.com\/inversionistas\/revisor-fiscal-auditor-interno\/","og_site_name":"Carvajal Inversionistas","article_modified_time":"2021-04-04T15:48:53+00:00","og_image":[{"url":"https:\/\/carvajalempaques.com\/inversionistas\/wp-content\/uploads\/2021\/01\/Logo-EY.png"}],"twitter_card":"summary_large_image","twitter_misc":{"Tiempo de lectura":"1 minuto"},"schema":{"@context":"https:\/\/schema.org","@graph":[{"@type":"WebPage","@id":"https:\/\/carvajalempaques.com\/inversionistas\/revisor-fiscal-auditor-interno\/","url":"https:\/\/carvajalempaques.com\/inversionistas\/revisor-fiscal-auditor-interno\/","name":"Revisor fiscal \/ Auditor interno - Carvajal Inversionistas","isPartOf":{"@id":"https:\/\/carvajalempaques.com\/inversionistas\/#website"},"datePublished":"2021-01-27T04:07:30+00:00","dateModified":"2021-04-04T15:48:53+00:00","description":"Somos una empresa multilatina, especializada en el dise\u00f1o, producci\u00f3n y distribuci\u00f3n de soluciones innovadoras y personalizadas de empaques sostenibles, para los mercados industrial, foodservice y hogar.","breadcrumb":{"@id":"https:\/\/carvajalempaques.com\/inversionistas\/revisor-fiscal-auditor-interno\/#breadcrumb"},"inLanguage":"es","potentialAction":[{"@type":"ReadAction","target":["https:\/\/carvajalempaques.com\/inversionistas\/revisor-fiscal-auditor-interno\/"]}]},{"@type":"BreadcrumbList","@id":"https:\/\/carvajalempaques.com\/inversionistas\/revisor-fiscal-auditor-interno\/#breadcrumb","itemListElement":[{"@type":"ListItem","position":1,"name":"Inversionistas","item":"https:\/\/carvajalempaques.com\/inversionistas\/"},{"@type":"ListItem","position":2,"name":"Revisor fiscal \/ Auditor interno"}]},{"@type":"WebSite","@id":"https:\/\/carvajalempaques.com\/inversionistas\/#website","url":"https:\/\/carvajalempaques.com\/inversionistas\/","name":"Carvajal Inversionistas","description":"Carvajal Inversionistas","publisher":{"@id":"https:\/\/carvajalempaques.com\/inversionistas\/#organization"},"potentialAction":[{"@type":"SearchAction","target":{"@type":"EntryPoint","urlTemplate":"https:\/\/carvajalempaques.com\/inversionistas\/?s={search_term_string}"},"query-input":"required name=search_term_string"}],"inLanguage":"es"},{"@type":"Organization","@id":"https:\/\/carvajalempaques.com\/inversionistas\/#organization","name":"Carvajal Empaques","url":"https:\/\/carvajalempaques.com\/inversionistas\/","logo":{"@type":"ImageObject","inLanguage":"es","@id":"https:\/\/carvajalempaques.com\/inversionistas\/#\/schema\/logo\/image\/","url":"https:\/\/carvajalempaques.com\/inversionistas\/wp-content\/uploads\/2021\/01\/Grupo-2323@2x.png","contentUrl":"https:\/\/carvajalempaques.com\/inversionistas\/wp-content\/uploads\/2021\/01\/Grupo-2323@2x.png","width":262,"height":96,"caption":"Carvajal Empaques"},"image":{"@id":"https:\/\/carvajalempaques.com\/inversionistas\/#\/schema\/logo\/image\/"}}]}},"_links":{"self":[{"href":"https:\/\/carvajalempaques.com\/inversionistas\/wp-json\/wp\/v2\/pages\/1339","targetHints":{"allow":["GET"]}}],"collection":[{"href":"https:\/\/carvajalempaques.com\/inversionistas\/wp-json\/wp\/v2\/pages"}],"about":[{"href":"https:\/\/carvajalempaques.com\/inversionistas\/wp-json\/wp\/v2\/types\/page"}],"author":[{"embeddable":true,"href":"https:\/\/carvajalempaques.com\/inversionistas\/wp-json\/wp\/v2\/users\/1"}],"replies":[{"embeddable":true,"href":"https:\/\/carvajalempaques.com\/inversionistas\/wp-json\/wp\/v2\/comments?post=1339"}],"version-history":[{"count":65,"href":"https:\/\/carvajalempaques.com\/inversionistas\/wp-json\/wp\/v2\/pages\/1339\/revisions"}],"predecessor-version":[{"id":24985,"href":"https:\/\/carvajalempaques.com\/inversionistas\/wp-json\/wp\/v2\/pages\/1339\/revisions\/24985"}],"wp:attachment":[{"href":"https:\/\/carvajalempaques.com\/inversionistas\/wp-json\/wp\/v2\/media?parent=1339"}],"curies":[{"name":"wp","href":"https:\/\/api.w.org\/{rel}","templated":true}]}}