{"id":21649,"date":"2021-01-31T05:29:47","date_gmt":"2021-01-31T05:29:47","guid":{"rendered":"https:\/\/carvajalempaques.com\/inversionistas\/?page_id=21649"},"modified":"2021-04-04T15:44:53","modified_gmt":"2021-04-04T15:44:53","slug":"registro-de-correos","status":"publish","type":"page","link":"https:\/\/carvajalempaques.com\/inversionistas\/registro-de-correos\/","title":{"rendered":"Registro de correos"},"content":{"rendered":"\t\t<div data-elementor-type=\"wp-page\" data-elementor-id=\"21649\" class=\"elementor elementor-21649\" data-elementor-post-type=\"page\">\n\t\t\t\t\t\t<section class=\"elementor-section elementor-top-section elementor-element elementor-element-2e84af35 elementor-section-height-min-height elementor-section-boxed elementor-section-height-default elementor-section-items-middle\" data-id=\"2e84af35\" data-element_type=\"section\" data-settings=\"{&quot;background_background&quot;:&quot;classic&quot;,&quot;_ha_eqh_enable&quot;:false}\">\n\t\t\t\t\t\t\t<div class=\"elementor-background-overlay\"><\/div>\n\t\t\t\t\t\t\t<div class=\"elementor-container elementor-column-gap-default\">\n\t\t\t\t\t<div class=\"elementor-column elementor-col-100 elementor-top-column elementor-element elementor-element-342165c2\" data-id=\"342165c2\" data-element_type=\"column\">\n\t\t\t<div class=\"elementor-widget-wrap elementor-element-populated\">\n\t\t\t\t\t\t<div class=\"elementor-element elementor-element-6586f163 elementor-widget elementor-widget-global elementor-global-23740 elementor-widget-heading\" data-id=\"6586f163\" data-element_type=\"widget\" data-widget_type=\"heading.default\">\n\t\t\t\t<div class=\"elementor-widget-container\">\n\t\t\t<h2 class=\"elementor-heading-title elementor-size-default\">Servicios al inversionista<\/h2>\t\t<\/div>\n\t\t\t\t<\/div>\n\t\t\t\t\t<\/div>\n\t\t<\/div>\n\t\t\t\t\t<\/div>\n\t\t<\/section>\n\t\t\t\t<section class=\"elementor-section elementor-top-section elementor-element elementor-element-5b5aa91b elementor-section-full_width elementor-section-items-stretch elementor-section-height-min-height elementor-section-content-space-between elementor-section-height-default\" data-id=\"5b5aa91b\" data-element_type=\"section\" data-settings=\"{&quot;background_background&quot;:&quot;classic&quot;,&quot;_ha_eqh_enable&quot;:false}\">\n\t\t\t\t\t\t\t<div class=\"elementor-background-overlay\"><\/div>\n\t\t\t\t\t\t\t<div class=\"elementor-container elementor-column-gap-no\">\n\t\t\t\t\t<div class=\"elementor-column elementor-col-50 elementor-top-column elementor-element elementor-element-712989ee elementor-hidden-tablet elementor-hidden-phone\" data-id=\"712989ee\" data-element_type=\"column\">\n\t\t\t<div class=\"elementor-widget-wrap\">\n\t\t\t\t\t\t\t<\/div>\n\t\t<\/div>\n\t\t\t\t<div class=\"elementor-column elementor-col-50 elementor-top-column elementor-element elementor-element-39d2732a\" data-id=\"39d2732a\" data-element_type=\"column\">\n\t\t\t<div class=\"elementor-widget-wrap elementor-element-populated\">\n\t\t\t\t\t\t<section class=\"elementor-section elementor-inner-section elementor-element elementor-element-6e9d799d elementor-section-full_width elementor-section-height-default elementor-section-height-default\" data-id=\"6e9d799d\" data-element_type=\"section\" data-settings=\"{&quot;_ha_eqh_enable&quot;:false}\">\n\t\t\t\t\t\t<div class=\"elementor-container elementor-column-gap-default\">\n\t\t\t\t\t<div class=\"elementor-column elementor-col-50 elementor-inner-column elementor-element elementor-element-4f26f4d\" data-id=\"4f26f4d\" data-element_type=\"column\">\n\t\t\t<div class=\"elementor-widget-wrap\">\n\t\t\t\t\t\t\t<\/div>\n\t\t<\/div>\n\t\t\t\t<div class=\"elementor-column elementor-col-50 elementor-inner-column elementor-element elementor-element-4ba30442\" data-id=\"4ba30442\" data-element_type=\"column\">\n\t\t\t<div class=\"elementor-widget-wrap elementor-element-populated\">\n\t\t\t\t\t\t<div class=\"elementor-element elementor-element-5878dac6 elementor-widget elementor-widget-global elementor-global-22152 elementor-widget-breadcrumbs\" data-id=\"5878dac6\" data-element_type=\"widget\" data-widget_type=\"breadcrumbs.default\">\n\t\t\t\t<div class=\"elementor-widget-container\">\n\t\t\t<p id=\"breadcrumbs\">\t<a href=\"https:\/\/carvajalempaques.com\">Carvajal Empaques Global<\/a> \u00bb\n<span><span><a href=\"https:\/\/carvajalempaques.com\/inversionistas\/\">Inversionistas<\/a><\/span><\/span><\/p>\t\t<\/div>\n\t\t\t\t<\/div>\n\t\t\t\t\t<\/div>\n\t\t<\/div>\n\t\t\t\t\t<\/div>\n\t\t<\/section>\n\t\t\t\t<div class=\"elementor-element elementor-element-774e317f elementor-widget__width-initial elementor-absolute elementor-hidden-phone elementor-widget elementor-widget-image\" data-id=\"774e317f\" data-element_type=\"widget\" data-settings=\"{&quot;_position&quot;:&quot;absolute&quot;}\" data-widget_type=\"image.default\">\n\t\t\t\t<div class=\"elementor-widget-container\">\n\t\t\t\t\t\t\t\t\t\t\t\t\t<img fetchpriority=\"high\" decoding=\"async\" width=\"1188\" height=\"1563\" src=\"https:\/\/carvajalempaques.com\/inversionistas\/wp-content\/uploads\/2021\/02\/Grupo-2624@2x.png\" class=\"attachment-full size-full wp-image-23566\" alt=\"\" srcset=\"https:\/\/carvajalempaques.com\/inversionistas\/wp-content\/uploads\/2021\/02\/Grupo-2624@2x.png 1188w, https:\/\/carvajalempaques.com\/inversionistas\/wp-content\/uploads\/2021\/02\/Grupo-2624@2x-228x300.png 228w, https:\/\/carvajalempaques.com\/inversionistas\/wp-content\/uploads\/2021\/02\/Grupo-2624@2x-778x1024.png 778w, https:\/\/carvajalempaques.com\/inversionistas\/wp-content\/uploads\/2021\/02\/Grupo-2624@2x-768x1010.png 768w, https:\/\/carvajalempaques.com\/inversionistas\/wp-content\/uploads\/2021\/02\/Grupo-2624@2x-1167x1536.png 1167w\" sizes=\"(max-width: 1188px) 100vw, 1188px\" \/>\t\t\t\t\t\t\t\t\t\t\t\t\t<\/div>\n\t\t\t\t<\/div>\n\t\t\t\t<section class=\"elementor-section elementor-inner-section elementor-element elementor-element-53a9f829 elementor-section-boxed elementor-section-height-default elementor-section-height-default\" data-id=\"53a9f829\" data-element_type=\"section\" data-settings=\"{&quot;_ha_eqh_enable&quot;:false}\">\n\t\t\t\t\t\t<div class=\"elementor-container elementor-column-gap-default\">\n\t\t\t\t\t<div class=\"elementor-column elementor-col-50 elementor-inner-column elementor-element elementor-element-400f7e4c\" data-id=\"400f7e4c\" data-element_type=\"column\">\n\t\t\t<div class=\"elementor-widget-wrap elementor-element-populated\">\n\t\t\t\t\t\t<div class=\"elementor-element elementor-element-15426518 elementor-widget elementor-widget-heading\" data-id=\"15426518\" data-element_type=\"widget\" data-widget_type=\"heading.default\">\n\t\t\t\t<div class=\"elementor-widget-container\">\n\t\t\t<h3 class=\"elementor-heading-title elementor-size-default\">Registro de \u200bcorreos<\/h3>\t\t<\/div>\n\t\t\t\t<\/div>\n\t\t\t\t\t<\/div>\n\t\t<\/div>\n\t\t\t\t<div class=\"elementor-column elementor-col-50 elementor-inner-column elementor-element elementor-element-1285cd7f\" data-id=\"1285cd7f\" data-element_type=\"column\">\n\t\t\t<div class=\"elementor-widget-wrap\">\n\t\t\t\t\t\t\t<\/div>\n\t\t<\/div>\n\t\t\t\t\t<\/div>\n\t\t<\/section>\n\t\t\t\t<div class=\"elementor-element elementor-element-8edf128 elementor-widget elementor-widget-spacer\" data-id=\"8edf128\" data-element_type=\"widget\" data-widget_type=\"spacer.default\">\n\t\t\t\t<div class=\"elementor-widget-container\">\n\t\t\t\t\t<div class=\"elementor-spacer\">\n\t\t\t<div class=\"elementor-spacer-inner\"><\/div>\n\t\t<\/div>\n\t\t\t\t<\/div>\n\t\t\t\t<\/div>\n\t\t\t\t\t<\/div>\n\t\t<\/div>\n\t\t\t\t\t<\/div>\n\t\t<\/section>\n\t\t\t\t<section class=\"elementor-section elementor-top-section elementor-element elementor-element-66f7e09 elementor-section-full_width elementor-section-height-default elementor-section-height-default\" data-id=\"66f7e09\" data-element_type=\"section\" data-settings=\"{&quot;_ha_eqh_enable&quot;:false}\">\n\t\t\t\t\t\t<div class=\"elementor-container elementor-column-gap-no\">\n\t\t\t\t\t<div class=\"elementor-column elementor-col-100 elementor-top-column elementor-element elementor-element-121f991\" data-id=\"121f991\" data-element_type=\"column\">\n\t\t\t<div class=\"elementor-widget-wrap elementor-element-populated\">\n\t\t\t\t\t\t<div class=\"elementor-element elementor-element-b436d64 elementor-widget__width-initial elementor-absolute elementor-hidden-tablet elementor-hidden-phone elementor-widget elementor-widget-image\" data-id=\"b436d64\" data-element_type=\"widget\" data-settings=\"{&quot;_position&quot;:&quot;absolute&quot;}\" data-widget_type=\"image.default\">\n\t\t\t\t<div class=\"elementor-widget-container\">\n\t\t\t\t\t\t\t\t\t\t\t\t\t<img decoding=\"async\" width=\"1018\" height=\"1315\" src=\"https:\/\/carvajalempaques.com\/inversionistas\/wp-content\/uploads\/2021\/02\/Grupo-2621@2x-1.png\" class=\"attachment-full size-full wp-image-23979\" alt=\"\" srcset=\"https:\/\/carvajalempaques.com\/inversionistas\/wp-content\/uploads\/2021\/02\/Grupo-2621@2x-1.png 1018w, https:\/\/carvajalempaques.com\/inversionistas\/wp-content\/uploads\/2021\/02\/Grupo-2621@2x-1-232x300.png 232w, https:\/\/carvajalempaques.com\/inversionistas\/wp-content\/uploads\/2021\/02\/Grupo-2621@2x-1-793x1024.png 793w, https:\/\/carvajalempaques.com\/inversionistas\/wp-content\/uploads\/2021\/02\/Grupo-2621@2x-1-768x992.png 768w\" sizes=\"(max-width: 1018px) 100vw, 1018px\" \/>\t\t\t\t\t\t\t\t\t\t\t\t\t<\/div>\n\t\t\t\t<\/div>\n\t\t\t\t<div class=\"elementor-element elementor-element-27c37b5 elementor-widget elementor-widget-spacer\" data-id=\"27c37b5\" data-element_type=\"widget\" data-widget_type=\"spacer.default\">\n\t\t\t\t<div class=\"elementor-widget-container\">\n\t\t\t\t\t<div class=\"elementor-spacer\">\n\t\t\t<div class=\"elementor-spacer-inner\"><\/div>\n\t\t<\/div>\n\t\t\t\t<\/div>\n\t\t\t\t<\/div>\n\t\t\t\t<section class=\"elementor-section elementor-inner-section elementor-element elementor-element-1083975 elementor-section-boxed elementor-section-height-default elementor-section-height-default\" data-id=\"1083975\" data-element_type=\"section\" data-settings=\"{&quot;_ha_eqh_enable&quot;:false}\">\n\t\t\t\t\t\t<div class=\"elementor-container elementor-column-gap-default\">\n\t\t\t\t\t<div class=\"elementor-column elementor-col-100 elementor-inner-column elementor-element elementor-element-dc86566\" data-id=\"dc86566\" data-element_type=\"column\">\n\t\t\t<div class=\"elementor-widget-wrap elementor-element-populated\">\n\t\t\t\t\t\t<div class=\"elementor-element elementor-element-331bc29 elementor-widget elementor-widget-text-editor\" data-id=\"331bc29\" data-element_type=\"widget\" data-widget_type=\"text-editor.default\">\n\t\t\t\t<div class=\"elementor-widget-container\">\n\t\t\t\t\t\t\t<div class=\"wpb_text_column wpb_content_element \"><div class=\"wpb_wrapper\"><p>Con el diligenciamiento del siguiente formulario, usted recibir\u00e1 invitaciones a nuestros eventos e informaci\u00f3n que pueda ser de su inter\u00e9s.<br \/><a href=\"https:\/\/eepurl.com\/b0fTfn\" target=\"_blank\" rel=\"noopener\">Ir al formulario<\/a><\/p><\/div><\/div>\t\t\t\t\t\t<\/div>\n\t\t\t\t<\/div>\n\t\t\t\t<div class=\"elementor-element elementor-element-90ea393 elementor-widget elementor-widget-spacer\" data-id=\"90ea393\" data-element_type=\"widget\" data-widget_type=\"spacer.default\">\n\t\t\t\t<div class=\"elementor-widget-container\">\n\t\t\t\t\t<div class=\"elementor-spacer\">\n\t\t\t<div class=\"elementor-spacer-inner\"><\/div>\n\t\t<\/div>\n\t\t\t\t<\/div>\n\t\t\t\t<\/div>\n\t\t\t\t\t<\/div>\n\t\t<\/div>\n\t\t\t\t\t<\/div>\n\t\t<\/section>\n\t\t\t\t\t<\/div>\n\t\t<\/div>\n\t\t\t\t\t<\/div>\n\t\t<\/section>\n\t\t\t\t<\/div>\n\t\t","protected":false},"excerpt":{"rendered":"<p>Servicios al inversionista Registro de \u200bcorreos Con el diligenciamiento del siguiente formulario, usted recibir\u00e1 invitaciones a nuestros eventos e informaci\u00f3n que pueda ser de su inter\u00e9s.Ir al formulario<\/p>\n","protected":false},"author":1,"featured_media":0,"parent":0,"menu_order":0,"comment_status":"closed","ping_status":"closed","template":"","meta":{"site-sidebar-layout":"no-sidebar","site-content-layout":"page-builder","ast-global-header-display":"","ast-main-header-display":"","ast-hfb-above-header-display":"","ast-hfb-below-header-display":"","ast-hfb-mobile-header-display":"","site-post-title":"disabled","ast-breadcrumbs-content":"","ast-featured-img":"disabled","footer-sml-layout":"","theme-transparent-header-meta":"default","adv-header-id-meta":"","stick-header-meta":"","header-above-stick-meta":"","header-main-stick-meta":"","header-below-stick-meta":"","footnotes":""},"class_list":["post-21649","page","type-page","status-publish","hentry"],"acf":[],"yoast_head":"<!-- This site is optimized with the Yoast SEO plugin v20.4 - https:\/\/yoast.com\/wordpress\/plugins\/seo\/ -->\n<title>Registro de correos - Carvajal Inversionistas<\/title>\n<meta name=\"description\" content=\"Somos una empresa multilatina, especializada en el dise\u00f1o, producci\u00f3n y distribuci\u00f3n de soluciones innovadoras y personalizadas de empaques sostenibles, para los mercados industrial, foodservice y hogar.\" \/>\n<meta name=\"robots\" content=\"noindex, follow, max-snippet:-1, max-image-preview:large, max-video-preview:-1\" \/>\n<meta property=\"og:locale\" content=\"es_ES\" \/>\n<meta property=\"og:type\" content=\"article\" \/>\n<meta property=\"og:title\" content=\"Registro de correos - Carvajal Inversionistas\" \/>\n<meta property=\"og:description\" content=\"Somos una empresa multilatina, especializada en el dise\u00f1o, producci\u00f3n y distribuci\u00f3n de soluciones innovadoras y personalizadas de empaques sostenibles, para los mercados industrial, foodservice y hogar.\" \/>\n<meta property=\"og:url\" content=\"https:\/\/carvajalempaques.com\/inversionistas\/registro-de-correos\/\" \/>\n<meta property=\"og:site_name\" content=\"Carvajal Inversionistas\" \/>\n<meta property=\"article:modified_time\" content=\"2021-04-04T15:44:53+00:00\" \/>\n<meta property=\"og:image\" content=\"https:\/\/carvajalempaques.com\/inversionistas\/wp-content\/uploads\/2021\/02\/Grupo-2624@2x.png\" \/>\n<meta name=\"twitter:card\" content=\"summary_large_image\" \/>\n<meta name=\"twitter:label1\" content=\"Tiempo de lectura\" \/>\n\t<meta name=\"twitter:data1\" content=\"1 minuto\" \/>\n<script type=\"application\/ld+json\" class=\"yoast-schema-graph\">{\"@context\":\"https:\/\/schema.org\",\"@graph\":[{\"@type\":\"WebPage\",\"@id\":\"https:\/\/carvajalempaques.com\/inversionistas\/registro-de-correos\/\",\"url\":\"https:\/\/carvajalempaques.com\/inversionistas\/registro-de-correos\/\",\"name\":\"Registro de correos - Carvajal Inversionistas\",\"isPartOf\":{\"@id\":\"https:\/\/carvajalempaques.com\/inversionistas\/#website\"},\"datePublished\":\"2021-01-31T05:29:47+00:00\",\"dateModified\":\"2021-04-04T15:44:53+00:00\",\"description\":\"Somos una empresa multilatina, especializada en el dise\u00f1o, producci\u00f3n y distribuci\u00f3n de soluciones innovadoras y personalizadas de empaques sostenibles, para los mercados industrial, foodservice y hogar.\",\"breadcrumb\":{\"@id\":\"https:\/\/carvajalempaques.com\/inversionistas\/registro-de-correos\/#breadcrumb\"},\"inLanguage\":\"es\",\"potentialAction\":[{\"@type\":\"ReadAction\",\"target\":[\"https:\/\/carvajalempaques.com\/inversionistas\/registro-de-correos\/\"]}]},{\"@type\":\"BreadcrumbList\",\"@id\":\"https:\/\/carvajalempaques.com\/inversionistas\/registro-de-correos\/#breadcrumb\",\"itemListElement\":[{\"@type\":\"ListItem\",\"position\":1,\"name\":\"Inversionistas\",\"item\":\"https:\/\/carvajalempaques.com\/inversionistas\/\"},{\"@type\":\"ListItem\",\"position\":2,\"name\":\"Registro de correos\"}]},{\"@type\":\"WebSite\",\"@id\":\"https:\/\/carvajalempaques.com\/inversionistas\/#website\",\"url\":\"https:\/\/carvajalempaques.com\/inversionistas\/\",\"name\":\"Carvajal Inversionistas\",\"description\":\"Carvajal Inversionistas\",\"publisher\":{\"@id\":\"https:\/\/carvajalempaques.com\/inversionistas\/#organization\"},\"potentialAction\":[{\"@type\":\"SearchAction\",\"target\":{\"@type\":\"EntryPoint\",\"urlTemplate\":\"https:\/\/carvajalempaques.com\/inversionistas\/?s={search_term_string}\"},\"query-input\":\"required name=search_term_string\"}],\"inLanguage\":\"es\"},{\"@type\":\"Organization\",\"@id\":\"https:\/\/carvajalempaques.com\/inversionistas\/#organization\",\"name\":\"Carvajal Empaques\",\"url\":\"https:\/\/carvajalempaques.com\/inversionistas\/\",\"logo\":{\"@type\":\"ImageObject\",\"inLanguage\":\"es\",\"@id\":\"https:\/\/carvajalempaques.com\/inversionistas\/#\/schema\/logo\/image\/\",\"url\":\"https:\/\/carvajalempaques.com\/inversionistas\/wp-content\/uploads\/2021\/01\/Grupo-2323@2x.png\",\"contentUrl\":\"https:\/\/carvajalempaques.com\/inversionistas\/wp-content\/uploads\/2021\/01\/Grupo-2323@2x.png\",\"width\":262,\"height\":96,\"caption\":\"Carvajal Empaques\"},\"image\":{\"@id\":\"https:\/\/carvajalempaques.com\/inversionistas\/#\/schema\/logo\/image\/\"}}]}<\/script>\n<!-- \/ Yoast SEO plugin. -->","yoast_head_json":{"title":"Registro de correos - Carvajal Inversionistas","description":"Somos una empresa multilatina, especializada en el dise\u00f1o, producci\u00f3n y distribuci\u00f3n de soluciones innovadoras y personalizadas de empaques sostenibles, para los mercados industrial, foodservice y hogar.","robots":{"index":"noindex","follow":"follow","max-snippet":"max-snippet:-1","max-image-preview":"max-image-preview:large","max-video-preview":"max-video-preview:-1"},"og_locale":"es_ES","og_type":"article","og_title":"Registro de correos - Carvajal Inversionistas","og_description":"Somos una empresa multilatina, especializada en el dise\u00f1o, producci\u00f3n y distribuci\u00f3n de soluciones innovadoras y personalizadas de empaques sostenibles, para los mercados industrial, foodservice y hogar.","og_url":"https:\/\/carvajalempaques.com\/inversionistas\/registro-de-correos\/","og_site_name":"Carvajal Inversionistas","article_modified_time":"2021-04-04T15:44:53+00:00","og_image":[{"url":"https:\/\/carvajalempaques.com\/inversionistas\/wp-content\/uploads\/2021\/02\/Grupo-2624@2x.png"}],"twitter_card":"summary_large_image","twitter_misc":{"Tiempo de lectura":"1 minuto"},"schema":{"@context":"https:\/\/schema.org","@graph":[{"@type":"WebPage","@id":"https:\/\/carvajalempaques.com\/inversionistas\/registro-de-correos\/","url":"https:\/\/carvajalempaques.com\/inversionistas\/registro-de-correos\/","name":"Registro de correos - Carvajal Inversionistas","isPartOf":{"@id":"https:\/\/carvajalempaques.com\/inversionistas\/#website"},"datePublished":"2021-01-31T05:29:47+00:00","dateModified":"2021-04-04T15:44:53+00:00","description":"Somos una empresa multilatina, especializada en el dise\u00f1o, producci\u00f3n y distribuci\u00f3n de soluciones innovadoras y personalizadas de empaques sostenibles, para los mercados industrial, foodservice y hogar.","breadcrumb":{"@id":"https:\/\/carvajalempaques.com\/inversionistas\/registro-de-correos\/#breadcrumb"},"inLanguage":"es","potentialAction":[{"@type":"ReadAction","target":["https:\/\/carvajalempaques.com\/inversionistas\/registro-de-correos\/"]}]},{"@type":"BreadcrumbList","@id":"https:\/\/carvajalempaques.com\/inversionistas\/registro-de-correos\/#breadcrumb","itemListElement":[{"@type":"ListItem","position":1,"name":"Inversionistas","item":"https:\/\/carvajalempaques.com\/inversionistas\/"},{"@type":"ListItem","position":2,"name":"Registro de correos"}]},{"@type":"WebSite","@id":"https:\/\/carvajalempaques.com\/inversionistas\/#website","url":"https:\/\/carvajalempaques.com\/inversionistas\/","name":"Carvajal Inversionistas","description":"Carvajal Inversionistas","publisher":{"@id":"https:\/\/carvajalempaques.com\/inversionistas\/#organization"},"potentialAction":[{"@type":"SearchAction","target":{"@type":"EntryPoint","urlTemplate":"https:\/\/carvajalempaques.com\/inversionistas\/?s={search_term_string}"},"query-input":"required name=search_term_string"}],"inLanguage":"es"},{"@type":"Organization","@id":"https:\/\/carvajalempaques.com\/inversionistas\/#organization","name":"Carvajal Empaques","url":"https:\/\/carvajalempaques.com\/inversionistas\/","logo":{"@type":"ImageObject","inLanguage":"es","@id":"https:\/\/carvajalempaques.com\/inversionistas\/#\/schema\/logo\/image\/","url":"https:\/\/carvajalempaques.com\/inversionistas\/wp-content\/uploads\/2021\/01\/Grupo-2323@2x.png","contentUrl":"https:\/\/carvajalempaques.com\/inversionistas\/wp-content\/uploads\/2021\/01\/Grupo-2323@2x.png","width":262,"height":96,"caption":"Carvajal Empaques"},"image":{"@id":"https:\/\/carvajalempaques.com\/inversionistas\/#\/schema\/logo\/image\/"}}]}},"_links":{"self":[{"href":"https:\/\/carvajalempaques.com\/inversionistas\/wp-json\/wp\/v2\/pages\/21649","targetHints":{"allow":["GET"]}}],"collection":[{"href":"https:\/\/carvajalempaques.com\/inversionistas\/wp-json\/wp\/v2\/pages"}],"about":[{"href":"https:\/\/carvajalempaques.com\/inversionistas\/wp-json\/wp\/v2\/types\/page"}],"author":[{"embeddable":true,"href":"https:\/\/carvajalempaques.com\/inversionistas\/wp-json\/wp\/v2\/users\/1"}],"replies":[{"embeddable":true,"href":"https:\/\/carvajalempaques.com\/inversionistas\/wp-json\/wp\/v2\/comments?post=21649"}],"version-history":[{"count":52,"href":"https:\/\/carvajalempaques.com\/inversionistas\/wp-json\/wp\/v2\/pages\/21649\/revisions"}],"predecessor-version":[{"id":24979,"href":"https:\/\/carvajalempaques.com\/inversionistas\/wp-json\/wp\/v2\/pages\/21649\/revisions\/24979"}],"wp:attachment":[{"href":"https:\/\/carvajalempaques.com\/inversionistas\/wp-json\/wp\/v2\/media?parent=21649"}],"curies":[{"name":"wp","href":"https:\/\/api.w.org\/{rel}","templated":true}]}}